{"id":743,"date":"2026-02-13T14:55:30","date_gmt":"2026-02-13T13:55:30","guid":{"rendered":"https:\/\/zenakademija.com\/?post_type=product&#038;p=743"},"modified":"2026-03-19T11:13:45","modified_gmt":"2026-03-19T10:13:45","slug":"masterclass-napredne-terapeutske-tehnike","status":"publish","type":"product","link":"https:\/\/zenakademija.com\/en\/p\/masterclass-napredne-terapeutske-tehnike\/","title":{"rendered":"Masterclass: Napredne terapeutske tehnike"},"content":{"rendered":"<p data-start=\"160\" data-end=\"327\">Ova edukacija je osmi\u0161ljena kao jednodnevna radionica namenjena iskusnim terapeutima koji \u017eele da unaprede svoj rad kroz usvajanje dodatnih tehnika terapeutske masa\u017ee.<\/p>\n<p data-start=\"329\" data-end=\"615\">Program je fokusiran na oboga\u0107ivanje terapeutskog razumevanja tela i unapre\u0111enje postoje\u0107ih ve\u0161tina kroz prakti\u010dnu primenu savremenih pristupa. Poseban akcenat stavljen je na rad sa le\u0111ima, ramenima i vratom \u2013 regijama koje su naj\u010de\u0161\u0107e optere\u0107ene i zahtevaju precizan i svestan pristup.<\/p>\n<p data-start=\"617\" data-end=\"815\">Tokom radionice obra\u0111uju se tehnike rada sa mi\u0161i\u0107ima i fascijom, uklju\u010duju\u0107i vakuum terapiju, mobilizaciju i istezanje, sa ciljem pove\u0107anja efikasnosti tretmana i dugoro\u010dnih rezultata kod klijenata.<\/p>\n<p data-start=\"817\" data-end=\"1018\">Edukacija je u velikoj meri prakti\u010dno orijentisana i podrazumeva rad na modelima, razmenu iskustava i direktnu primenu tehnika, kako bi polaznici mogli odmah da ih integri\u0161u u svoju svakodnevnu praksu.<\/p>\n<p>&nbsp;<\/p>\n<p><span style=\"font-weight: 400;\">Kafa, \u010daj i u\u017eina su obezbe\u0111eni za sve u\u010desnike u toku trajanja radionice.<\/span><\/p>","protected":false},"excerpt":{"rendered":"<p>Ova edukacija je osmi\u0161ljena kao jednodnevna radionica namenjena iskusnim terapeutima koji \u017eele da unaprede svoj rad kroz usvajanje dodatnih tehnika terapeutske masa\u017ee. Program je fokusiran na oboga\u0107ivanje terapeutskog razumevanja tela i unapre\u0111enje postoje\u0107ih ve\u0161tina kroz prakti\u010dnu primenu savremenih pristupa. Poseban akcenat stavljen je na rad sa le\u0111ima, ramenima i vratom \u2013 regijama koje su naj\u010de\u0161\u0107e&#8230;<\/p>","protected":false},"featured_media":747,"comment_status":"open","ping_status":"closed","template":"","meta":{"_acf_changed":false},"product_brand":[],"product_cat":[15],"product_tag":[],"class_list":{"0":"post-743","1":"product","2":"type-product","3":"status-publish","4":"has-post-thumbnail","6":"product_cat-uncategorized","8":"first","9":"instock","10":"shipping-taxable","11":"product-type-simple"},"acf":[],"yoast_head":"<!-- This site is optimized with the Yoast SEO plugin v27.4 - https:\/\/yoast.com\/product\/yoast-seo-wordpress\/ -->\n<title>Masterclass: Napredne terapeutske tehnike | Zen Akademija<\/title>\n<meta name=\"description\" content=\"Ova edukacija je osmi\u0161ljena za iskusne terapeute koji \u017eele da unaprede svoj rad kroz usvajanje dodatnih tehnika terapeutske masa\u017ee\" \/>\n<meta name=\"robots\" content=\"index, follow, max-snippet:-1, max-image-preview:large, max-video-preview:-1\" \/>\n<link rel=\"canonical\" href=\"https:\/\/zenakademija.com\/en\/p\/masterclass-napredne-terapeutske-tehnike\/\" \/>\n<meta property=\"og:locale\" content=\"en_GB\" \/>\n<meta property=\"og:type\" content=\"article\" \/>\n<meta property=\"og:title\" content=\"Masterclass: Napredne terapeutske tehnike | Zen Akademija\" \/>\n<meta property=\"og:description\" content=\"Ova edukacija je osmi\u0161ljena za iskusne terapeute koji \u017eele da unaprede svoj rad kroz usvajanje dodatnih tehnika terapeutske masa\u017ee\" \/>\n<meta property=\"og:url\" content=\"https:\/\/zenakademija.com\/en\/p\/masterclass-napredne-terapeutske-tehnike\/\" \/>\n<meta property=\"og:site_name\" content=\"ZEN\" \/>\n<meta property=\"article:modified_time\" content=\"2026-03-19T10:13:45+00:00\" \/>\n<meta property=\"og:image\" content=\"https:\/\/zenakademija.com\/wp-content\/uploads\/2026\/02\/NaprednaTerapeutska.png\" \/>\n\t<meta property=\"og:image:width\" content=\"1979\" \/>\n\t<meta property=\"og:image:height\" content=\"1632\" \/>\n\t<meta property=\"og:image:type\" content=\"image\/png\" \/>\n<meta name=\"twitter:card\" content=\"summary_large_image\" \/>\n<meta name=\"twitter:label1\" content=\"Estimated reading time\" \/>\n\t<meta name=\"twitter:data1\" content=\"1 minute\" \/>\n<script type=\"application\/ld+json\" class=\"yoast-schema-graph\">{\"@context\":\"https:\\\/\\\/schema.org\",\"@graph\":[{\"@type\":\"WebPage\",\"@id\":\"https:\\\/\\\/zenakademija.com\\\/p\\\/masterclass-napredne-terapeutske-tehnike\\\/\",\"url\":\"https:\\\/\\\/zenakademija.com\\\/p\\\/masterclass-napredne-terapeutske-tehnike\\\/\",\"name\":\"Masterclass: Napredne terapeutske tehnike | Zen Akademija\",\"isPartOf\":{\"@id\":\"https:\\\/\\\/zenakademija.com\\\/#website\"},\"primaryImageOfPage\":{\"@id\":\"https:\\\/\\\/zenakademija.com\\\/p\\\/masterclass-napredne-terapeutske-tehnike\\\/#primaryimage\"},\"image\":{\"@id\":\"https:\\\/\\\/zenakademija.com\\\/p\\\/masterclass-napredne-terapeutske-tehnike\\\/#primaryimage\"},\"thumbnailUrl\":\"https:\\\/\\\/zenakademija.com\\\/wp-content\\\/uploads\\\/2026\\\/02\\\/NaprednaTerapeutska.png\",\"datePublished\":\"2026-02-13T13:55:30+00:00\",\"dateModified\":\"2026-03-19T10:13:45+00:00\",\"description\":\"Ova edukacija je osmi\u0161ljena za iskusne terapeute koji \u017eele da unaprede svoj rad kroz usvajanje dodatnih tehnika terapeutske masa\u017ee\",\"breadcrumb\":{\"@id\":\"https:\\\/\\\/zenakademija.com\\\/p\\\/masterclass-napredne-terapeutske-tehnike\\\/#breadcrumb\"},\"inLanguage\":\"en-GB\",\"potentialAction\":[{\"@type\":\"ReadAction\",\"target\":[\"https:\\\/\\\/zenakademija.com\\\/p\\\/masterclass-napredne-terapeutske-tehnike\\\/\"]}]},{\"@type\":\"ImageObject\",\"inLanguage\":\"en-GB\",\"@id\":\"https:\\\/\\\/zenakademija.com\\\/p\\\/masterclass-napredne-terapeutske-tehnike\\\/#primaryimage\",\"url\":\"https:\\\/\\\/zenakademija.com\\\/wp-content\\\/uploads\\\/2026\\\/02\\\/NaprednaTerapeutska.png\",\"contentUrl\":\"https:\\\/\\\/zenakademija.com\\\/wp-content\\\/uploads\\\/2026\\\/02\\\/NaprednaTerapeutska.png\",\"width\":1979,\"height\":1632},{\"@type\":\"BreadcrumbList\",\"@id\":\"https:\\\/\\\/zenakademija.com\\\/p\\\/masterclass-napredne-terapeutske-tehnike\\\/#breadcrumb\",\"itemListElement\":[{\"@type\":\"ListItem\",\"position\":1,\"name\":\"Home\",\"item\":\"https:\\\/\\\/zenakademija.com\\\/\"},{\"@type\":\"ListItem\",\"position\":2,\"name\":\"Proizvodi\",\"item\":\"https:\\\/\\\/zenakademija.com\\\/shop__trashed\\\/\"},{\"@type\":\"ListItem\",\"position\":3,\"name\":\"Masterclass: Napredne terapeutske tehnike\"}]},{\"@type\":\"WebSite\",\"@id\":\"https:\\\/\\\/zenakademija.com\\\/#website\",\"url\":\"https:\\\/\\\/zenakademija.com\\\/\",\"name\":\"ZEN\",\"description\":\"\",\"potentialAction\":[{\"@type\":\"SearchAction\",\"target\":{\"@type\":\"EntryPoint\",\"urlTemplate\":\"https:\\\/\\\/zenakademija.com\\\/?s={search_term_string}\"},\"query-input\":{\"@type\":\"PropertyValueSpecification\",\"valueRequired\":true,\"valueName\":\"search_term_string\"}}],\"inLanguage\":\"en-GB\"}]}<\/script>\n<!-- \/ Yoast SEO plugin. -->","yoast_head_json":{"title":"Masterclass: Napredne terapeutske tehnike | Zen Akademija","description":"Ova edukacija je osmi\u0161ljena za iskusne terapeute koji \u017eele da unaprede svoj rad kroz usvajanje dodatnih tehnika terapeutske masa\u017ee","robots":{"index":"index","follow":"follow","max-snippet":"max-snippet:-1","max-image-preview":"max-image-preview:large","max-video-preview":"max-video-preview:-1"},"canonical":"https:\/\/zenakademija.com\/en\/p\/masterclass-napredne-terapeutske-tehnike\/","og_locale":"en_GB","og_type":"article","og_title":"Masterclass: Napredne terapeutske tehnike | Zen Akademija","og_description":"Ova edukacija je osmi\u0161ljena za iskusne terapeute koji \u017eele da unaprede svoj rad kroz usvajanje dodatnih tehnika terapeutske masa\u017ee","og_url":"https:\/\/zenakademija.com\/en\/p\/masterclass-napredne-terapeutske-tehnike\/","og_site_name":"ZEN","article_modified_time":"2026-03-19T10:13:45+00:00","og_image":[{"url":"https:\/\/zenakademija.com\/wp-content\/uploads\/2026\/02\/NaprednaTerapeutska.png","width":1979,"height":1632,"type":"image\/png"}],"twitter_card":"summary_large_image","twitter_misc":{"Estimated reading time":"1 minute"},"schema":{"@context":"https:\/\/schema.org","@graph":[{"@type":"WebPage","@id":"https:\/\/zenakademija.com\/p\/masterclass-napredne-terapeutske-tehnike\/","url":"https:\/\/zenakademija.com\/p\/masterclass-napredne-terapeutske-tehnike\/","name":"Masterclass: Napredne terapeutske tehnike | Zen Akademija","isPartOf":{"@id":"https:\/\/zenakademija.com\/#website"},"primaryImageOfPage":{"@id":"https:\/\/zenakademija.com\/p\/masterclass-napredne-terapeutske-tehnike\/#primaryimage"},"image":{"@id":"https:\/\/zenakademija.com\/p\/masterclass-napredne-terapeutske-tehnike\/#primaryimage"},"thumbnailUrl":"https:\/\/zenakademija.com\/wp-content\/uploads\/2026\/02\/NaprednaTerapeutska.png","datePublished":"2026-02-13T13:55:30+00:00","dateModified":"2026-03-19T10:13:45+00:00","description":"Ova edukacija je osmi\u0161ljena za iskusne terapeute koji \u017eele da unaprede svoj rad kroz usvajanje dodatnih tehnika terapeutske masa\u017ee","breadcrumb":{"@id":"https:\/\/zenakademija.com\/p\/masterclass-napredne-terapeutske-tehnike\/#breadcrumb"},"inLanguage":"en-GB","potentialAction":[{"@type":"ReadAction","target":["https:\/\/zenakademija.com\/p\/masterclass-napredne-terapeutske-tehnike\/"]}]},{"@type":"ImageObject","inLanguage":"en-GB","@id":"https:\/\/zenakademija.com\/p\/masterclass-napredne-terapeutske-tehnike\/#primaryimage","url":"https:\/\/zenakademija.com\/wp-content\/uploads\/2026\/02\/NaprednaTerapeutska.png","contentUrl":"https:\/\/zenakademija.com\/wp-content\/uploads\/2026\/02\/NaprednaTerapeutska.png","width":1979,"height":1632},{"@type":"BreadcrumbList","@id":"https:\/\/zenakademija.com\/p\/masterclass-napredne-terapeutske-tehnike\/#breadcrumb","itemListElement":[{"@type":"ListItem","position":1,"name":"Home","item":"https:\/\/zenakademija.com\/"},{"@type":"ListItem","position":2,"name":"Proizvodi","item":"https:\/\/zenakademija.com\/shop__trashed\/"},{"@type":"ListItem","position":3,"name":"Masterclass: Napredne terapeutske tehnike"}]},{"@type":"WebSite","@id":"https:\/\/zenakademija.com\/#website","url":"https:\/\/zenakademija.com\/","name":"ZEN","description":"","potentialAction":[{"@type":"SearchAction","target":{"@type":"EntryPoint","urlTemplate":"https:\/\/zenakademija.com\/?s={search_term_string}"},"query-input":{"@type":"PropertyValueSpecification","valueRequired":true,"valueName":"search_term_string"}}],"inLanguage":"en-GB"}]}},"_links":{"self":[{"href":"https:\/\/zenakademija.com\/en\/wp-json\/wp\/v2\/product\/743","targetHints":{"allow":["GET"]}}],"collection":[{"href":"https:\/\/zenakademija.com\/en\/wp-json\/wp\/v2\/product"}],"about":[{"href":"https:\/\/zenakademija.com\/en\/wp-json\/wp\/v2\/types\/product"}],"replies":[{"embeddable":true,"href":"https:\/\/zenakademija.com\/en\/wp-json\/wp\/v2\/comments?post=743"}],"wp:featuredmedia":[{"embeddable":true,"href":"https:\/\/zenakademija.com\/en\/wp-json\/wp\/v2\/media\/747"}],"wp:attachment":[{"href":"https:\/\/zenakademija.com\/en\/wp-json\/wp\/v2\/media?parent=743"}],"wp:term":[{"taxonomy":"product_brand","embeddable":true,"href":"https:\/\/zenakademija.com\/en\/wp-json\/wp\/v2\/product_brand?post=743"},{"taxonomy":"product_cat","embeddable":true,"href":"https:\/\/zenakademija.com\/en\/wp-json\/wp\/v2\/product_cat?post=743"},{"taxonomy":"product_tag","embeddable":true,"href":"https:\/\/zenakademija.com\/en\/wp-json\/wp\/v2\/product_tag?post=743"}],"curies":[{"name":"wp","href":"https:\/\/api.w.org\/{rel}","templated":true}]}}