{"id":70,"date":"2023-06-01T11:11:52","date_gmt":"2023-06-01T09:11:52","guid":{"rendered":"https:\/\/zenakademija.com\/?post_type=product&#038;p=70"},"modified":"2026-04-06T12:37:41","modified_gmt":"2026-04-06T10:37:41","slug":"kurs-relaksacione-masaze","status":"publish","type":"product","link":"https:\/\/zenakademija.com\/en\/p\/kurs-relaksacione-masaze\/","title":{"rendered":"Relaxation Massage Course"},"content":{"rendered":"<p>Designed for individuals aspiring to practice massage as a hobby or seeking basic knowledge to start a career as a therapist, our Relaxation Massage Course offers a comprehensive learning experience.<\/p>\n<p>&nbsp;<\/p>\n<p>The course fee includes engaging lectures, practical sessions, learning materials, essential literature, and a certificate of completion issued by the Zen Academy. Additionally, for an extra fee, you have the option to obtain a Certificate of Course Completion from the esteemed National University of Ni\u0161.<\/p>\n<p>&nbsp;<\/p>\n<p>Throughout the course, you will be assessed through theoretical and practical tests. The practical aspect involves performing massages on real clients under the guidance of our experienced educators. To successfully pass the final test, a demonstration of over 80% of the acquired knowledge is required.<\/p>\n<p>&nbsp;<\/p>\n<p>By enrolling in this course, you also gain a discount when you sign up for both the Relaxation and Deep Tissue Massage Courses. More details about this exclusive offer can be found in our Standard Package course.<\/p>","protected":false},"excerpt":{"rendered":"<p>Kurs relaksacione masa\u017ee je namenjen svima koji \u017eele da se bave masa\u017eom iz hobija ili onima kojima je potrebno osnovno znanje za zapo\u010dinjanje karijere terapeuta. &nbsp; U cenu su uklju\u010dena predavanja, praksa, materijali za prakti\u010dno u\u010denje masa\u017ee, literatura, uverenje o polo\u017eenom kursu izdato od strane Zen Akademije. Opciono (uz doplatu) mo\u017eete dobiti i Sertifikat o&#8230;<\/p>","protected":false},"featured_media":220,"comment_status":"open","ping_status":"closed","template":"","meta":{"_acf_changed":false},"product_brand":[],"product_cat":[15],"product_tag":[],"class_list":{"0":"post-70","1":"product","2":"type-product","3":"status-publish","4":"has-post-thumbnail","6":"product_cat-uncategorized","8":"first","9":"instock","10":"shipping-taxable","11":"purchasable","12":"product-type-simple"},"acf":[],"yoast_head":"<!-- This site is optimized with the Yoast SEO plugin v27.4 - https:\/\/yoast.com\/product\/yoast-seo-wordpress\/ -->\n<title>Kurs relaksacione masa\u017ee | Zen Akademija | Zapcnite svoju karijeru<\/title>\n<meta name=\"description\" content=\"Pridru\u017eite se na\u0161em kursu relaksacione masa\u017ee, idealnom za hobi ili po\u010detak karijere u terapiji masa\u017ee. Nau\u010dite tehniku masa\u017ee, anatomiju, osnove tretmana.\" \/>\n<meta name=\"robots\" content=\"index, follow, max-snippet:-1, max-image-preview:large, max-video-preview:-1\" \/>\n<link rel=\"canonical\" href=\"https:\/\/zenakademija.com\/en\/p\/kurs-relaksacione-masaze\/\" \/>\n<meta property=\"og:locale\" content=\"en_GB\" \/>\n<meta property=\"og:type\" content=\"article\" \/>\n<meta property=\"og:title\" content=\"Kurs relaksacione masa\u017ee | Zen Akademija | Zapcnite svoju karijeru\" \/>\n<meta property=\"og:description\" content=\"Pridru\u017eite se na\u0161em kursu relaksacione masa\u017ee, idealnom za hobi ili po\u010detak karijere u terapiji masa\u017ee. Nau\u010dite tehniku masa\u017ee, anatomiju, osnove tretmana.\" \/>\n<meta property=\"og:url\" content=\"https:\/\/zenakademija.com\/en\/p\/kurs-relaksacione-masaze\/\" \/>\n<meta property=\"og:site_name\" content=\"ZEN\" \/>\n<meta property=\"article:modified_time\" content=\"2026-04-06T10:37:41+00:00\" \/>\n<meta property=\"og:image\" content=\"https:\/\/zenakademija.com\/wp-content\/uploads\/2023\/06\/Kurs-relaksacione-masaze-4.webp\" \/>\n\t<meta property=\"og:image:width\" content=\"1325\" \/>\n\t<meta property=\"og:image:height\" content=\"1080\" \/>\n\t<meta property=\"og:image:type\" content=\"image\/webp\" \/>\n<meta name=\"twitter:card\" content=\"summary_large_image\" \/>\n<meta name=\"twitter:label1\" content=\"Estimated reading time\" \/>\n\t<meta name=\"twitter:data1\" content=\"1 minute\" \/>\n<script type=\"application\/ld+json\" class=\"yoast-schema-graph\">{\"@context\":\"https:\\\/\\\/schema.org\",\"@graph\":[{\"@type\":\"WebPage\",\"@id\":\"https:\\\/\\\/zenakademija.com\\\/p\\\/kurs-relaksacione-masaze\\\/\",\"url\":\"https:\\\/\\\/zenakademija.com\\\/p\\\/kurs-relaksacione-masaze\\\/\",\"name\":\"Kurs relaksacione masa\u017ee | Zen Akademija | Zapcnite svoju karijeru\",\"isPartOf\":{\"@id\":\"https:\\\/\\\/zenakademija.com\\\/#website\"},\"primaryImageOfPage\":{\"@id\":\"https:\\\/\\\/zenakademija.com\\\/p\\\/kurs-relaksacione-masaze\\\/#primaryimage\"},\"image\":{\"@id\":\"https:\\\/\\\/zenakademija.com\\\/p\\\/kurs-relaksacione-masaze\\\/#primaryimage\"},\"thumbnailUrl\":\"https:\\\/\\\/zenakademija.com\\\/wp-content\\\/uploads\\\/2023\\\/06\\\/Kurs-relaksacione-masaze-4.webp\",\"datePublished\":\"2023-06-01T09:11:52+00:00\",\"dateModified\":\"2026-04-06T10:37:41+00:00\",\"description\":\"Pridru\u017eite se na\u0161em kursu relaksacione masa\u017ee, idealnom za hobi ili po\u010detak karijere u terapiji masa\u017ee. Nau\u010dite tehniku masa\u017ee, anatomiju, osnove tretmana.\",\"breadcrumb\":{\"@id\":\"https:\\\/\\\/zenakademija.com\\\/p\\\/kurs-relaksacione-masaze\\\/#breadcrumb\"},\"inLanguage\":\"en-GB\",\"potentialAction\":[{\"@type\":\"ReadAction\",\"target\":[\"https:\\\/\\\/zenakademija.com\\\/p\\\/kurs-relaksacione-masaze\\\/\"]}]},{\"@type\":\"ImageObject\",\"inLanguage\":\"en-GB\",\"@id\":\"https:\\\/\\\/zenakademija.com\\\/p\\\/kurs-relaksacione-masaze\\\/#primaryimage\",\"url\":\"https:\\\/\\\/zenakademija.com\\\/wp-content\\\/uploads\\\/2023\\\/06\\\/Kurs-relaksacione-masaze-4.webp\",\"contentUrl\":\"https:\\\/\\\/zenakademija.com\\\/wp-content\\\/uploads\\\/2023\\\/06\\\/Kurs-relaksacione-masaze-4.webp\",\"width\":1325,\"height\":1080},{\"@type\":\"BreadcrumbList\",\"@id\":\"https:\\\/\\\/zenakademija.com\\\/p\\\/kurs-relaksacione-masaze\\\/#breadcrumb\",\"itemListElement\":[{\"@type\":\"ListItem\",\"position\":1,\"name\":\"Home\",\"item\":\"https:\\\/\\\/zenakademija.com\\\/\"},{\"@type\":\"ListItem\",\"position\":2,\"name\":\"Proizvodi\",\"item\":\"https:\\\/\\\/zenakademija.com\\\/shop__trashed\\\/\"},{\"@type\":\"ListItem\",\"position\":3,\"name\":\"Kurs relaksacione masa\u017ee\"}]},{\"@type\":\"WebSite\",\"@id\":\"https:\\\/\\\/zenakademija.com\\\/#website\",\"url\":\"https:\\\/\\\/zenakademija.com\\\/\",\"name\":\"ZEN\",\"description\":\"\",\"potentialAction\":[{\"@type\":\"SearchAction\",\"target\":{\"@type\":\"EntryPoint\",\"urlTemplate\":\"https:\\\/\\\/zenakademija.com\\\/?s={search_term_string}\"},\"query-input\":{\"@type\":\"PropertyValueSpecification\",\"valueRequired\":true,\"valueName\":\"search_term_string\"}}],\"inLanguage\":\"en-GB\"}]}<\/script>\n<!-- \/ Yoast SEO plugin. -->","yoast_head_json":{"title":"Kurs relaksacione masa\u017ee | Zen Akademija | Zapcnite svoju karijeru","description":"Pridru\u017eite se na\u0161em kursu relaksacione masa\u017ee, idealnom za hobi ili po\u010detak karijere u terapiji masa\u017ee. Nau\u010dite tehniku masa\u017ee, anatomiju, osnove tretmana.","robots":{"index":"index","follow":"follow","max-snippet":"max-snippet:-1","max-image-preview":"max-image-preview:large","max-video-preview":"max-video-preview:-1"},"canonical":"https:\/\/zenakademija.com\/en\/p\/kurs-relaksacione-masaze\/","og_locale":"en_GB","og_type":"article","og_title":"Kurs relaksacione masa\u017ee | Zen Akademija | Zapcnite svoju karijeru","og_description":"Pridru\u017eite se na\u0161em kursu relaksacione masa\u017ee, idealnom za hobi ili po\u010detak karijere u terapiji masa\u017ee. Nau\u010dite tehniku masa\u017ee, anatomiju, osnove tretmana.","og_url":"https:\/\/zenakademija.com\/en\/p\/kurs-relaksacione-masaze\/","og_site_name":"ZEN","article_modified_time":"2026-04-06T10:37:41+00:00","og_image":[{"width":1325,"height":1080,"url":"https:\/\/zenakademija.com\/wp-content\/uploads\/2023\/06\/Kurs-relaksacione-masaze-4.webp","type":"image\/webp"}],"twitter_card":"summary_large_image","twitter_misc":{"Estimated reading time":"1 minute"},"schema":{"@context":"https:\/\/schema.org","@graph":[{"@type":"WebPage","@id":"https:\/\/zenakademija.com\/p\/kurs-relaksacione-masaze\/","url":"https:\/\/zenakademija.com\/p\/kurs-relaksacione-masaze\/","name":"Kurs relaksacione masa\u017ee | Zen Akademija | Zapcnite svoju karijeru","isPartOf":{"@id":"https:\/\/zenakademija.com\/#website"},"primaryImageOfPage":{"@id":"https:\/\/zenakademija.com\/p\/kurs-relaksacione-masaze\/#primaryimage"},"image":{"@id":"https:\/\/zenakademija.com\/p\/kurs-relaksacione-masaze\/#primaryimage"},"thumbnailUrl":"https:\/\/zenakademija.com\/wp-content\/uploads\/2023\/06\/Kurs-relaksacione-masaze-4.webp","datePublished":"2023-06-01T09:11:52+00:00","dateModified":"2026-04-06T10:37:41+00:00","description":"Pridru\u017eite se na\u0161em kursu relaksacione masa\u017ee, idealnom za hobi ili po\u010detak karijere u terapiji masa\u017ee. Nau\u010dite tehniku masa\u017ee, anatomiju, osnove tretmana.","breadcrumb":{"@id":"https:\/\/zenakademija.com\/p\/kurs-relaksacione-masaze\/#breadcrumb"},"inLanguage":"en-GB","potentialAction":[{"@type":"ReadAction","target":["https:\/\/zenakademija.com\/p\/kurs-relaksacione-masaze\/"]}]},{"@type":"ImageObject","inLanguage":"en-GB","@id":"https:\/\/zenakademija.com\/p\/kurs-relaksacione-masaze\/#primaryimage","url":"https:\/\/zenakademija.com\/wp-content\/uploads\/2023\/06\/Kurs-relaksacione-masaze-4.webp","contentUrl":"https:\/\/zenakademija.com\/wp-content\/uploads\/2023\/06\/Kurs-relaksacione-masaze-4.webp","width":1325,"height":1080},{"@type":"BreadcrumbList","@id":"https:\/\/zenakademija.com\/p\/kurs-relaksacione-masaze\/#breadcrumb","itemListElement":[{"@type":"ListItem","position":1,"name":"Home","item":"https:\/\/zenakademija.com\/"},{"@type":"ListItem","position":2,"name":"Proizvodi","item":"https:\/\/zenakademija.com\/shop__trashed\/"},{"@type":"ListItem","position":3,"name":"Kurs relaksacione masa\u017ee"}]},{"@type":"WebSite","@id":"https:\/\/zenakademija.com\/#website","url":"https:\/\/zenakademija.com\/","name":"ZEN","description":"","potentialAction":[{"@type":"SearchAction","target":{"@type":"EntryPoint","urlTemplate":"https:\/\/zenakademija.com\/?s={search_term_string}"},"query-input":{"@type":"PropertyValueSpecification","valueRequired":true,"valueName":"search_term_string"}}],"inLanguage":"en-GB"}]}},"_links":{"self":[{"href":"https:\/\/zenakademija.com\/en\/wp-json\/wp\/v2\/product\/70","targetHints":{"allow":["GET"]}}],"collection":[{"href":"https:\/\/zenakademija.com\/en\/wp-json\/wp\/v2\/product"}],"about":[{"href":"https:\/\/zenakademija.com\/en\/wp-json\/wp\/v2\/types\/product"}],"replies":[{"embeddable":true,"href":"https:\/\/zenakademija.com\/en\/wp-json\/wp\/v2\/comments?post=70"}],"wp:featuredmedia":[{"embeddable":true,"href":"https:\/\/zenakademija.com\/en\/wp-json\/wp\/v2\/media\/220"}],"wp:attachment":[{"href":"https:\/\/zenakademija.com\/en\/wp-json\/wp\/v2\/media?parent=70"}],"wp:term":[{"taxonomy":"product_brand","embeddable":true,"href":"https:\/\/zenakademija.com\/en\/wp-json\/wp\/v2\/product_brand?post=70"},{"taxonomy":"product_cat","embeddable":true,"href":"https:\/\/zenakademija.com\/en\/wp-json\/wp\/v2\/product_cat?post=70"},{"taxonomy":"product_tag","embeddable":true,"href":"https:\/\/zenakademija.com\/en\/wp-json\/wp\/v2\/product_tag?post=70"}],"curies":[{"name":"wp","href":"https:\/\/api.w.org\/{rel}","templated":true}]}}