{"id":239,"date":"2023-06-16T18:10:07","date_gmt":"2023-06-16T16:10:07","guid":{"rendered":"https:\/\/zenakademija.com\/?post_type=product&#038;p=239"},"modified":"2025-12-16T12:23:59","modified_gmt":"2025-12-16T11:23:59","slug":"prenatalna-masaze-masaza-za-trudnice","status":"publish","type":"product","link":"https:\/\/zenakademija.com\/en\/p\/prenatalna-masaze-masaza-za-trudnice\/","title":{"rendered":"Prenatalna masa\u017ea (masa\u017ea za trudnice)"},"content":{"rendered":"<p>Our Prenatal Massage Masterclass is designed specifically for individuals who already possess experience in relaxation or deep tissue massage. This specialized course equips you with the essential knowledge and skills required to provide safe and effective prenatal massages, taking into account the unique needs and considerations of pregnant women.<\/p>\n<p>&nbsp;<\/p>\n<p>The course comprises both theoretical lectures and practical exercises to ensure a comprehensive learning experience.<\/p>\n<p>&nbsp;<\/p>\n<p>During the theoretical lectures, you will explore the numerous benefits of prenatal massage, become familiar with the indications and contraindications for performing the treatment, learn about the necessary equipment and safe oils to use, and gain an understanding of the key characteristics of each trimester.<\/p>\n<p>&nbsp;<\/p>\n<p>In the practical part, we will demonstrate and teach you specialized techniques for addressing common discomforts such as leg swelling, neck tension, and lower back pain. You will also learn how to perform a relaxing full-body massage, including techniques to reduce the likelihood of calf cramps and similar issues.<\/p>\n<p>&nbsp;<\/p>\n<p>The course fee includes engaging lectures, hands-on practice sessions, necessary props for practical massage training, and comprehensive literature to support your learning journey.<\/p>","protected":false},"excerpt":{"rendered":"<p>Prenatalna masa\u017ea zahteva specijalno znanje koje se odnosi na prenatalni period, kao i poseban set ve\u0161tina u pogledu izvo\u0111enja masa\u017ee i poznavanja indikacija i kontraindikacija. Zato je ovaj kurs namenjen isklju\u010divo onima koji imaju iskustvo u izvo\u0111enju relaksacione ili terapeutske masa\u017ee, jer podrazumeva da imate osnovno znanje iz oblasti masa\u017ee i anatomije tela. &nbsp; Kurs&#8230;<\/p>","protected":false},"featured_media":706,"comment_status":"open","ping_status":"closed","template":"","meta":{"_acf_changed":false},"product_brand":[],"product_cat":[15],"product_tag":[],"class_list":{"0":"post-239","1":"product","2":"type-product","3":"status-publish","4":"has-post-thumbnail","6":"product_cat-uncategorized","8":"first","9":"instock","10":"shipping-taxable","11":"purchasable","12":"product-type-simple"},"acf":[],"yoast_head":"<!-- This site is optimized with the Yoast SEO plugin v27.4 - https:\/\/yoast.com\/product\/yoast-seo-wordpress\/ -->\n<title>Masterclass: Prenatalna masa\u017ea - Masa\u017ea za trudnice<\/title>\n<meta name=\"description\" content=\"Nau\u010dite specifi\u010dne tehnike prenatalne masa\u017ee prilago\u0111ene trudnicama. Kroz teorijski i prakti\u010dni deo kursa ovladajte znanjem o anatomiji trudnica.\" \/>\n<meta name=\"robots\" content=\"index, follow, max-snippet:-1, max-image-preview:large, max-video-preview:-1\" \/>\n<link rel=\"canonical\" href=\"https:\/\/zenakademija.com\/en\/p\/prenatalna-masaze-masaza-za-trudnice\/\" \/>\n<meta property=\"og:locale\" content=\"en_GB\" \/>\n<meta property=\"og:type\" content=\"article\" \/>\n<meta property=\"og:title\" content=\"Masterclass: Prenatalna masa\u017ea - Masa\u017ea za trudnice\" \/>\n<meta property=\"og:description\" content=\"Nau\u010dite specifi\u010dne tehnike prenatalne masa\u017ee prilago\u0111ene trudnicama. Kroz teorijski i prakti\u010dni deo kursa ovladajte znanjem o anatomiji trudnica.\" \/>\n<meta property=\"og:url\" content=\"https:\/\/zenakademija.com\/en\/p\/prenatalna-masaze-masaza-za-trudnice\/\" \/>\n<meta property=\"og:site_name\" content=\"ZEN\" \/>\n<meta property=\"article:modified_time\" content=\"2025-12-16T11:23:59+00:00\" \/>\n<meta property=\"og:image\" content=\"https:\/\/zenakademija.com\/wp-content\/uploads\/2023\/06\/SlikaPrenatalnaMasaza.png\" \/>\n\t<meta property=\"og:image:width\" content=\"1817\" \/>\n\t<meta property=\"og:image:height\" content=\"1564\" \/>\n\t<meta property=\"og:image:type\" content=\"image\/png\" \/>\n<meta name=\"twitter:card\" content=\"summary_large_image\" \/>\n<meta name=\"twitter:label1\" content=\"Estimated reading time\" \/>\n\t<meta name=\"twitter:data1\" content=\"2 minutes\" \/>\n<script type=\"application\/ld+json\" class=\"yoast-schema-graph\">{\"@context\":\"https:\\\/\\\/schema.org\",\"@graph\":[{\"@type\":\"WebPage\",\"@id\":\"https:\\\/\\\/zenakademija.com\\\/p\\\/prenatalna-masaze-masaza-za-trudnice\\\/\",\"url\":\"https:\\\/\\\/zenakademija.com\\\/p\\\/prenatalna-masaze-masaza-za-trudnice\\\/\",\"name\":\"Masterclass: Prenatalna masa\u017ea - Masa\u017ea za trudnice\",\"isPartOf\":{\"@id\":\"https:\\\/\\\/zenakademija.com\\\/#website\"},\"primaryImageOfPage\":{\"@id\":\"https:\\\/\\\/zenakademija.com\\\/p\\\/prenatalna-masaze-masaza-za-trudnice\\\/#primaryimage\"},\"image\":{\"@id\":\"https:\\\/\\\/zenakademija.com\\\/p\\\/prenatalna-masaze-masaza-za-trudnice\\\/#primaryimage\"},\"thumbnailUrl\":\"https:\\\/\\\/zenakademija.com\\\/wp-content\\\/uploads\\\/2023\\\/06\\\/SlikaPrenatalnaMasaza.png\",\"datePublished\":\"2023-06-16T16:10:07+00:00\",\"dateModified\":\"2025-12-16T11:23:59+00:00\",\"description\":\"Nau\u010dite specifi\u010dne tehnike prenatalne masa\u017ee prilago\u0111ene trudnicama. Kroz teorijski i prakti\u010dni deo kursa ovladajte znanjem o anatomiji trudnica.\",\"breadcrumb\":{\"@id\":\"https:\\\/\\\/zenakademija.com\\\/p\\\/prenatalna-masaze-masaza-za-trudnice\\\/#breadcrumb\"},\"inLanguage\":\"en-GB\",\"potentialAction\":[{\"@type\":\"ReadAction\",\"target\":[\"https:\\\/\\\/zenakademija.com\\\/p\\\/prenatalna-masaze-masaza-za-trudnice\\\/\"]}]},{\"@type\":\"ImageObject\",\"inLanguage\":\"en-GB\",\"@id\":\"https:\\\/\\\/zenakademija.com\\\/p\\\/prenatalna-masaze-masaza-za-trudnice\\\/#primaryimage\",\"url\":\"https:\\\/\\\/zenakademija.com\\\/wp-content\\\/uploads\\\/2023\\\/06\\\/SlikaPrenatalnaMasaza.png\",\"contentUrl\":\"https:\\\/\\\/zenakademija.com\\\/wp-content\\\/uploads\\\/2023\\\/06\\\/SlikaPrenatalnaMasaza.png\",\"width\":1817,\"height\":1564},{\"@type\":\"BreadcrumbList\",\"@id\":\"https:\\\/\\\/zenakademija.com\\\/p\\\/prenatalna-masaze-masaza-za-trudnice\\\/#breadcrumb\",\"itemListElement\":[{\"@type\":\"ListItem\",\"position\":1,\"name\":\"Home\",\"item\":\"https:\\\/\\\/zenakademija.com\\\/\"},{\"@type\":\"ListItem\",\"position\":2,\"name\":\"Proizvodi\",\"item\":\"https:\\\/\\\/zenakademija.com\\\/shop__trashed\\\/\"},{\"@type\":\"ListItem\",\"position\":3,\"name\":\"Prenatalna masa\u017ea (masa\u017ea za trudnice)\"}]},{\"@type\":\"WebSite\",\"@id\":\"https:\\\/\\\/zenakademija.com\\\/#website\",\"url\":\"https:\\\/\\\/zenakademija.com\\\/\",\"name\":\"ZEN\",\"description\":\"\",\"potentialAction\":[{\"@type\":\"SearchAction\",\"target\":{\"@type\":\"EntryPoint\",\"urlTemplate\":\"https:\\\/\\\/zenakademija.com\\\/?s={search_term_string}\"},\"query-input\":{\"@type\":\"PropertyValueSpecification\",\"valueRequired\":true,\"valueName\":\"search_term_string\"}}],\"inLanguage\":\"en-GB\"}]}<\/script>\n<!-- \/ Yoast SEO plugin. -->","yoast_head_json":{"title":"Masterclass: Prenatalna masa\u017ea - Masa\u017ea za trudnice","description":"Nau\u010dite specifi\u010dne tehnike prenatalne masa\u017ee prilago\u0111ene trudnicama. Kroz teorijski i prakti\u010dni deo kursa ovladajte znanjem o anatomiji trudnica.","robots":{"index":"index","follow":"follow","max-snippet":"max-snippet:-1","max-image-preview":"max-image-preview:large","max-video-preview":"max-video-preview:-1"},"canonical":"https:\/\/zenakademija.com\/en\/p\/prenatalna-masaze-masaza-za-trudnice\/","og_locale":"en_GB","og_type":"article","og_title":"Masterclass: Prenatalna masa\u017ea - Masa\u017ea za trudnice","og_description":"Nau\u010dite specifi\u010dne tehnike prenatalne masa\u017ee prilago\u0111ene trudnicama. Kroz teorijski i prakti\u010dni deo kursa ovladajte znanjem o anatomiji trudnica.","og_url":"https:\/\/zenakademija.com\/en\/p\/prenatalna-masaze-masaza-za-trudnice\/","og_site_name":"ZEN","article_modified_time":"2025-12-16T11:23:59+00:00","og_image":[{"width":1817,"height":1564,"url":"https:\/\/zenakademija.com\/wp-content\/uploads\/2023\/06\/SlikaPrenatalnaMasaza.png","type":"image\/png"}],"twitter_card":"summary_large_image","twitter_misc":{"Estimated reading time":"2 minutes"},"schema":{"@context":"https:\/\/schema.org","@graph":[{"@type":"WebPage","@id":"https:\/\/zenakademija.com\/p\/prenatalna-masaze-masaza-za-trudnice\/","url":"https:\/\/zenakademija.com\/p\/prenatalna-masaze-masaza-za-trudnice\/","name":"Masterclass: Prenatalna masa\u017ea - Masa\u017ea za trudnice","isPartOf":{"@id":"https:\/\/zenakademija.com\/#website"},"primaryImageOfPage":{"@id":"https:\/\/zenakademija.com\/p\/prenatalna-masaze-masaza-za-trudnice\/#primaryimage"},"image":{"@id":"https:\/\/zenakademija.com\/p\/prenatalna-masaze-masaza-za-trudnice\/#primaryimage"},"thumbnailUrl":"https:\/\/zenakademija.com\/wp-content\/uploads\/2023\/06\/SlikaPrenatalnaMasaza.png","datePublished":"2023-06-16T16:10:07+00:00","dateModified":"2025-12-16T11:23:59+00:00","description":"Nau\u010dite specifi\u010dne tehnike prenatalne masa\u017ee prilago\u0111ene trudnicama. Kroz teorijski i prakti\u010dni deo kursa ovladajte znanjem o anatomiji trudnica.","breadcrumb":{"@id":"https:\/\/zenakademija.com\/p\/prenatalna-masaze-masaza-za-trudnice\/#breadcrumb"},"inLanguage":"en-GB","potentialAction":[{"@type":"ReadAction","target":["https:\/\/zenakademija.com\/p\/prenatalna-masaze-masaza-za-trudnice\/"]}]},{"@type":"ImageObject","inLanguage":"en-GB","@id":"https:\/\/zenakademija.com\/p\/prenatalna-masaze-masaza-za-trudnice\/#primaryimage","url":"https:\/\/zenakademija.com\/wp-content\/uploads\/2023\/06\/SlikaPrenatalnaMasaza.png","contentUrl":"https:\/\/zenakademija.com\/wp-content\/uploads\/2023\/06\/SlikaPrenatalnaMasaza.png","width":1817,"height":1564},{"@type":"BreadcrumbList","@id":"https:\/\/zenakademija.com\/p\/prenatalna-masaze-masaza-za-trudnice\/#breadcrumb","itemListElement":[{"@type":"ListItem","position":1,"name":"Home","item":"https:\/\/zenakademija.com\/"},{"@type":"ListItem","position":2,"name":"Proizvodi","item":"https:\/\/zenakademija.com\/shop__trashed\/"},{"@type":"ListItem","position":3,"name":"Prenatalna masa\u017ea (masa\u017ea za trudnice)"}]},{"@type":"WebSite","@id":"https:\/\/zenakademija.com\/#website","url":"https:\/\/zenakademija.com\/","name":"ZEN","description":"","potentialAction":[{"@type":"SearchAction","target":{"@type":"EntryPoint","urlTemplate":"https:\/\/zenakademija.com\/?s={search_term_string}"},"query-input":{"@type":"PropertyValueSpecification","valueRequired":true,"valueName":"search_term_string"}}],"inLanguage":"en-GB"}]}},"_links":{"self":[{"href":"https:\/\/zenakademija.com\/en\/wp-json\/wp\/v2\/product\/239","targetHints":{"allow":["GET"]}}],"collection":[{"href":"https:\/\/zenakademija.com\/en\/wp-json\/wp\/v2\/product"}],"about":[{"href":"https:\/\/zenakademija.com\/en\/wp-json\/wp\/v2\/types\/product"}],"replies":[{"embeddable":true,"href":"https:\/\/zenakademija.com\/en\/wp-json\/wp\/v2\/comments?post=239"}],"wp:featuredmedia":[{"embeddable":true,"href":"https:\/\/zenakademija.com\/en\/wp-json\/wp\/v2\/media\/706"}],"wp:attachment":[{"href":"https:\/\/zenakademija.com\/en\/wp-json\/wp\/v2\/media?parent=239"}],"wp:term":[{"taxonomy":"product_brand","embeddable":true,"href":"https:\/\/zenakademija.com\/en\/wp-json\/wp\/v2\/product_brand?post=239"},{"taxonomy":"product_cat","embeddable":true,"href":"https:\/\/zenakademija.com\/en\/wp-json\/wp\/v2\/product_cat?post=239"},{"taxonomy":"product_tag","embeddable":true,"href":"https:\/\/zenakademija.com\/en\/wp-json\/wp\/v2\/product_tag?post=239"}],"curies":[{"name":"wp","href":"https:\/\/api.w.org\/{rel}","templated":true}]}}