{"id":234,"date":"2023-06-16T18:05:20","date_gmt":"2023-06-16T16:05:20","guid":{"rendered":"https:\/\/zenakademija.com\/?post_type=product&#038;p=234"},"modified":"2026-02-13T13:10:22","modified_gmt":"2026-02-13T12:10:22","slug":"masaza-vulkanskim-kamenjem","status":"publish","type":"product","link":"https:\/\/zenakademija.com\/en\/p\/masaza-vulkanskim-kamenjem\/","title":{"rendered":"Hot stone massage"},"content":{"rendered":"<p>Our Hot Stone Massage Masterclass offers a comprehensive program that includes both theoretical knowledge and practical exercises.<\/p>\n<p>&nbsp;<\/p>\n<p>In the theoretical part, we delve into the numerous benefits of this unique massage technique. We cover essential topics such as equipment selection and sourcing, proper maintenance and cleaning procedures, contraindications and indications, safety protocols, evaluating stone temperature before the massage, and effective client acquisition strategies through knowledge promotion.<\/p>\n<p>&nbsp;<\/p>\n<p>The practical part of the course provides hands-on experience with real clients, allowing you to receive valuable feedback and refine your hot stone massage skills to perfection.<\/p>\n<p>&nbsp;<\/p>\n<p>The course fee includes informative lectures, practical training sessions, necessary props for hands-on learning (volcanic stones, aromatic oils, and more), as well as comprehensive literature.<\/p>","protected":false},"excerpt":{"rendered":"<p>Kurs se sastoji iz teorijskog dela i prakti\u010dne ve\u017ebe tehnike masa\u017ee vulkanskim kamenjem. &nbsp; U teorijskom delu govorimo o benefitima ove masa\u017ee, opremi (gde i kako je nabaviti), odr\u017eavanju i \u010di\u0161\u0107enju opreme, kontraindikacijama i indikacijama, bezbedonosnim uslovima, proceni toplote kamenja pre masa\u017ee, kao i sticanju novih klijenata promocijom znanja. &nbsp; U prakti\u010dnom delu ve\u017eba se&#8230;<\/p>","protected":false},"featured_media":707,"comment_status":"open","ping_status":"closed","template":"","meta":{"_acf_changed":false},"product_brand":[],"product_cat":[15],"product_tag":[],"class_list":{"0":"post-234","1":"product","2":"type-product","3":"status-publish","4":"has-post-thumbnail","6":"product_cat-uncategorized","8":"first","9":"instock","10":"shipping-taxable","11":"purchasable","12":"product-type-simple"},"acf":[],"yoast_head":"<!-- This site is optimized with the Yoast SEO plugin v27.4 - https:\/\/yoast.com\/product\/yoast-seo-wordpress\/ -->\n<title>Masterclass: Masa\u017ea vulkanskim kamenjem | Zen Akademija<\/title>\n<meta name=\"description\" content=\"Pridru\u017eite se na\u0161em Masterclassu i ovladajte tehnikama masa\u017ee vulkanskim kamenjem. Nau\u010dite o benefitima, pripremi i pravilnoj upotrebi kamenja.\" \/>\n<meta name=\"robots\" content=\"index, follow, max-snippet:-1, max-image-preview:large, max-video-preview:-1\" \/>\n<link rel=\"canonical\" href=\"https:\/\/zenakademija.com\/en\/p\/masaza-vulkanskim-kamenjem\/\" \/>\n<meta property=\"og:locale\" content=\"en_GB\" \/>\n<meta property=\"og:type\" content=\"article\" \/>\n<meta property=\"og:title\" content=\"Masterclass: Masa\u017ea vulkanskim kamenjem | Zen Akademija\" \/>\n<meta property=\"og:description\" content=\"Pridru\u017eite se na\u0161em Masterclassu i ovladajte tehnikama masa\u017ee vulkanskim kamenjem. Nau\u010dite o benefitima, pripremi i pravilnoj upotrebi kamenja.\" \/>\n<meta property=\"og:url\" content=\"https:\/\/zenakademija.com\/en\/p\/masaza-vulkanskim-kamenjem\/\" \/>\n<meta property=\"og:site_name\" content=\"ZEN\" \/>\n<meta property=\"article:modified_time\" content=\"2026-02-13T12:10:22+00:00\" \/>\n<meta property=\"og:image\" content=\"https:\/\/zenakademija.com\/wp-content\/uploads\/2023\/06\/SlikaVulkanskoKamenje.png\" \/>\n\t<meta property=\"og:image:width\" content=\"1807\" \/>\n\t<meta property=\"og:image:height\" content=\"1492\" \/>\n\t<meta property=\"og:image:type\" content=\"image\/png\" \/>\n<meta name=\"twitter:card\" content=\"summary_large_image\" \/>\n<meta name=\"twitter:label1\" content=\"Estimated reading time\" \/>\n\t<meta name=\"twitter:data1\" content=\"1 minute\" \/>\n<script type=\"application\/ld+json\" class=\"yoast-schema-graph\">{\"@context\":\"https:\\\/\\\/schema.org\",\"@graph\":[{\"@type\":\"WebPage\",\"@id\":\"https:\\\/\\\/zenakademija.com\\\/p\\\/masaza-vulkanskim-kamenjem\\\/\",\"url\":\"https:\\\/\\\/zenakademija.com\\\/p\\\/masaza-vulkanskim-kamenjem\\\/\",\"name\":\"Masterclass: Masa\u017ea vulkanskim kamenjem | Zen Akademija\",\"isPartOf\":{\"@id\":\"https:\\\/\\\/zenakademija.com\\\/#website\"},\"primaryImageOfPage\":{\"@id\":\"https:\\\/\\\/zenakademija.com\\\/p\\\/masaza-vulkanskim-kamenjem\\\/#primaryimage\"},\"image\":{\"@id\":\"https:\\\/\\\/zenakademija.com\\\/p\\\/masaza-vulkanskim-kamenjem\\\/#primaryimage\"},\"thumbnailUrl\":\"https:\\\/\\\/zenakademija.com\\\/wp-content\\\/uploads\\\/2023\\\/06\\\/SlikaVulkanskoKamenje.png\",\"datePublished\":\"2023-06-16T16:05:20+00:00\",\"dateModified\":\"2026-02-13T12:10:22+00:00\",\"description\":\"Pridru\u017eite se na\u0161em Masterclassu i ovladajte tehnikama masa\u017ee vulkanskim kamenjem. Nau\u010dite o benefitima, pripremi i pravilnoj upotrebi kamenja.\",\"breadcrumb\":{\"@id\":\"https:\\\/\\\/zenakademija.com\\\/p\\\/masaza-vulkanskim-kamenjem\\\/#breadcrumb\"},\"inLanguage\":\"en-GB\",\"potentialAction\":[{\"@type\":\"ReadAction\",\"target\":[\"https:\\\/\\\/zenakademija.com\\\/p\\\/masaza-vulkanskim-kamenjem\\\/\"]}]},{\"@type\":\"ImageObject\",\"inLanguage\":\"en-GB\",\"@id\":\"https:\\\/\\\/zenakademija.com\\\/p\\\/masaza-vulkanskim-kamenjem\\\/#primaryimage\",\"url\":\"https:\\\/\\\/zenakademija.com\\\/wp-content\\\/uploads\\\/2023\\\/06\\\/SlikaVulkanskoKamenje.png\",\"contentUrl\":\"https:\\\/\\\/zenakademija.com\\\/wp-content\\\/uploads\\\/2023\\\/06\\\/SlikaVulkanskoKamenje.png\",\"width\":1807,\"height\":1492},{\"@type\":\"BreadcrumbList\",\"@id\":\"https:\\\/\\\/zenakademija.com\\\/p\\\/masaza-vulkanskim-kamenjem\\\/#breadcrumb\",\"itemListElement\":[{\"@type\":\"ListItem\",\"position\":1,\"name\":\"Home\",\"item\":\"https:\\\/\\\/zenakademija.com\\\/\"},{\"@type\":\"ListItem\",\"position\":2,\"name\":\"Proizvodi\",\"item\":\"https:\\\/\\\/zenakademija.com\\\/shop__trashed\\\/\"},{\"@type\":\"ListItem\",\"position\":3,\"name\":\"Masa\u017ea vulkanskim kamenjem\"}]},{\"@type\":\"WebSite\",\"@id\":\"https:\\\/\\\/zenakademija.com\\\/#website\",\"url\":\"https:\\\/\\\/zenakademija.com\\\/\",\"name\":\"ZEN\",\"description\":\"\",\"potentialAction\":[{\"@type\":\"SearchAction\",\"target\":{\"@type\":\"EntryPoint\",\"urlTemplate\":\"https:\\\/\\\/zenakademija.com\\\/?s={search_term_string}\"},\"query-input\":{\"@type\":\"PropertyValueSpecification\",\"valueRequired\":true,\"valueName\":\"search_term_string\"}}],\"inLanguage\":\"en-GB\"}]}<\/script>\n<!-- \/ Yoast SEO plugin. -->","yoast_head_json":{"title":"Masterclass: Masa\u017ea vulkanskim kamenjem | Zen Akademija","description":"Pridru\u017eite se na\u0161em Masterclassu i ovladajte tehnikama masa\u017ee vulkanskim kamenjem. Nau\u010dite o benefitima, pripremi i pravilnoj upotrebi kamenja.","robots":{"index":"index","follow":"follow","max-snippet":"max-snippet:-1","max-image-preview":"max-image-preview:large","max-video-preview":"max-video-preview:-1"},"canonical":"https:\/\/zenakademija.com\/en\/p\/masaza-vulkanskim-kamenjem\/","og_locale":"en_GB","og_type":"article","og_title":"Masterclass: Masa\u017ea vulkanskim kamenjem | Zen Akademija","og_description":"Pridru\u017eite se na\u0161em Masterclassu i ovladajte tehnikama masa\u017ee vulkanskim kamenjem. Nau\u010dite o benefitima, pripremi i pravilnoj upotrebi kamenja.","og_url":"https:\/\/zenakademija.com\/en\/p\/masaza-vulkanskim-kamenjem\/","og_site_name":"ZEN","article_modified_time":"2026-02-13T12:10:22+00:00","og_image":[{"width":1807,"height":1492,"url":"https:\/\/zenakademija.com\/wp-content\/uploads\/2023\/06\/SlikaVulkanskoKamenje.png","type":"image\/png"}],"twitter_card":"summary_large_image","twitter_misc":{"Estimated reading time":"1 minute"},"schema":{"@context":"https:\/\/schema.org","@graph":[{"@type":"WebPage","@id":"https:\/\/zenakademija.com\/p\/masaza-vulkanskim-kamenjem\/","url":"https:\/\/zenakademija.com\/p\/masaza-vulkanskim-kamenjem\/","name":"Masterclass: Masa\u017ea vulkanskim kamenjem | Zen Akademija","isPartOf":{"@id":"https:\/\/zenakademija.com\/#website"},"primaryImageOfPage":{"@id":"https:\/\/zenakademija.com\/p\/masaza-vulkanskim-kamenjem\/#primaryimage"},"image":{"@id":"https:\/\/zenakademija.com\/p\/masaza-vulkanskim-kamenjem\/#primaryimage"},"thumbnailUrl":"https:\/\/zenakademija.com\/wp-content\/uploads\/2023\/06\/SlikaVulkanskoKamenje.png","datePublished":"2023-06-16T16:05:20+00:00","dateModified":"2026-02-13T12:10:22+00:00","description":"Pridru\u017eite se na\u0161em Masterclassu i ovladajte tehnikama masa\u017ee vulkanskim kamenjem. Nau\u010dite o benefitima, pripremi i pravilnoj upotrebi kamenja.","breadcrumb":{"@id":"https:\/\/zenakademija.com\/p\/masaza-vulkanskim-kamenjem\/#breadcrumb"},"inLanguage":"en-GB","potentialAction":[{"@type":"ReadAction","target":["https:\/\/zenakademija.com\/p\/masaza-vulkanskim-kamenjem\/"]}]},{"@type":"ImageObject","inLanguage":"en-GB","@id":"https:\/\/zenakademija.com\/p\/masaza-vulkanskim-kamenjem\/#primaryimage","url":"https:\/\/zenakademija.com\/wp-content\/uploads\/2023\/06\/SlikaVulkanskoKamenje.png","contentUrl":"https:\/\/zenakademija.com\/wp-content\/uploads\/2023\/06\/SlikaVulkanskoKamenje.png","width":1807,"height":1492},{"@type":"BreadcrumbList","@id":"https:\/\/zenakademija.com\/p\/masaza-vulkanskim-kamenjem\/#breadcrumb","itemListElement":[{"@type":"ListItem","position":1,"name":"Home","item":"https:\/\/zenakademija.com\/"},{"@type":"ListItem","position":2,"name":"Proizvodi","item":"https:\/\/zenakademija.com\/shop__trashed\/"},{"@type":"ListItem","position":3,"name":"Masa\u017ea vulkanskim kamenjem"}]},{"@type":"WebSite","@id":"https:\/\/zenakademija.com\/#website","url":"https:\/\/zenakademija.com\/","name":"ZEN","description":"","potentialAction":[{"@type":"SearchAction","target":{"@type":"EntryPoint","urlTemplate":"https:\/\/zenakademija.com\/?s={search_term_string}"},"query-input":{"@type":"PropertyValueSpecification","valueRequired":true,"valueName":"search_term_string"}}],"inLanguage":"en-GB"}]}},"_links":{"self":[{"href":"https:\/\/zenakademija.com\/en\/wp-json\/wp\/v2\/product\/234","targetHints":{"allow":["GET"]}}],"collection":[{"href":"https:\/\/zenakademija.com\/en\/wp-json\/wp\/v2\/product"}],"about":[{"href":"https:\/\/zenakademija.com\/en\/wp-json\/wp\/v2\/types\/product"}],"replies":[{"embeddable":true,"href":"https:\/\/zenakademija.com\/en\/wp-json\/wp\/v2\/comments?post=234"}],"wp:featuredmedia":[{"embeddable":true,"href":"https:\/\/zenakademija.com\/en\/wp-json\/wp\/v2\/media\/707"}],"wp:attachment":[{"href":"https:\/\/zenakademija.com\/en\/wp-json\/wp\/v2\/media?parent=234"}],"wp:term":[{"taxonomy":"product_brand","embeddable":true,"href":"https:\/\/zenakademija.com\/en\/wp-json\/wp\/v2\/product_brand?post=234"},{"taxonomy":"product_cat","embeddable":true,"href":"https:\/\/zenakademija.com\/en\/wp-json\/wp\/v2\/product_cat?post=234"},{"taxonomy":"product_tag","embeddable":true,"href":"https:\/\/zenakademija.com\/en\/wp-json\/wp\/v2\/product_tag?post=234"}],"curies":[{"name":"wp","href":"https:\/\/api.w.org\/{rel}","templated":true}]}}