{"id":229,"date":"2023-06-16T17:56:18","date_gmt":"2023-06-16T15:56:18","guid":{"rendered":"https:\/\/zenakademija.com\/?post_type=product&#038;p=229"},"modified":"2026-04-17T09:53:35","modified_gmt":"2026-04-17T07:53:35","slug":"ultimativni-kurs-anticelulit-masaze-3-u-1","status":"publish","type":"product","link":"https:\/\/zenakademija.com\/en\/p\/ultimativni-kurs-anticelulit-masaze-3-u-1\/","title":{"rendered":"Ultimativni kurs anticelulit masa\u017ee (3 u 1)"},"content":{"rendered":"<p>The Ultimate Anti-Cellulite Course offers a comprehensive program that combines both theoretical and practical components.<\/p>\n<p>&nbsp;<\/p>\n<p>Teorijski deo najpre podrazumeva uvodno predavanje o gra\u0111i, strukturi ko\u017ee i celulitu. Kada je re\u010d o maderoterapiji, upoznajemo razli\u010dite vrste drvenih masa\u017eera, kao i njihovu primenu, tehniku, indikacije i kontraindikacije, ali i dezinfekciju i odr\u017eavanje. Na kraju se u\u010di i tehnika kori\u0161\u0107enja vakuum \u010da\u0161ica kod tretiranja celulita.<\/p>\n<p>&nbsp;<\/p>\n<p>The practical part of the course focuses on assessing the stage of cellulite on a specific model and applying each of the aforementioned techniques in a hands-on setting. You will have the opportunity to demonstrate your acquired practical knowledge to our experienced educators, who will provide valuable feedback to enhance your mastery of both knowledge and techniques.<\/p>\n<p>&nbsp;<\/p>\n<p>Potrebno je prilo\u017eiti dokaz o polo\u017eenoj baznoj obuci za masa\u017eu.<\/p>\n<p>&nbsp;<\/p>\n<p>The course fee includes a comprehensive script for the theoretical training and a certificate issued by the Zen Academy upon successful completion.<\/p>\n<p>&nbsp;<\/p>\n<p>Napomena: Na li\u010dni zahtev, mogu\u0107e je obuku zavr\u0161iti individualno sa polaznikom, sa cenom od 45000 RSD za dva dana. U slu\u010daju grupnog rada, cena je 35000 RSD.<\/p>","protected":false},"excerpt":{"rendered":"<p>Ultimativni anticelulit kurs se sastoji iz teorijskog i prakti\u010dnog dela. &nbsp; Teorijski deo najpre podrazumeva uvodno predavanje o gra\u0111i, strukturi ko\u017ee i celulitu. Kada je re\u010d o maderoterapiji, upoznajemo razli\u010dite vrste drvenih masa\u017eera, kao i njihovu primenu, tehniku, indikacije i kontraindikacije, ali i dezinfekciju i odr\u017eavanje. Na kraju se u\u010di i tehnika kori\u0161\u0107enja vakuum \u010da\u0161ica&#8230;<\/p>","protected":false},"featured_media":708,"comment_status":"open","ping_status":"closed","template":"","meta":{"_acf_changed":false},"product_brand":[],"product_cat":[15],"product_tag":[],"class_list":{"0":"post-229","1":"product","2":"type-product","3":"status-publish","4":"has-post-thumbnail","6":"product_cat-uncategorized","8":"first","9":"instock","10":"shipping-taxable","11":"purchasable","12":"product-type-simple"},"acf":[],"yoast_head":"<!-- This site is optimized with the Yoast SEO plugin v27.4 - https:\/\/yoast.com\/product\/yoast-seo-wordpress\/ -->\n<title>Ultimativni kurs anticelulit masa\u017ee | Zen Akademija<\/title>\n<meta name=\"description\" content=\"Upoznajte sve o celulitu i tehnike njegovog tretiranja na na\u0161em Ultimativnom kursu anticelulit masa\u017ee. Nau\u010dite maderoterapiju i ru\u010dne tehnike masa\u017ee.\" \/>\n<meta name=\"robots\" content=\"index, follow, max-snippet:-1, max-image-preview:large, max-video-preview:-1\" \/>\n<link rel=\"canonical\" href=\"https:\/\/zenakademija.com\/en\/p\/ultimativni-kurs-anticelulit-masaze-3-u-1\/\" \/>\n<meta property=\"og:locale\" content=\"en_GB\" \/>\n<meta property=\"og:type\" content=\"article\" \/>\n<meta property=\"og:title\" content=\"Ultimativni kurs anticelulit masa\u017ee | Zen Akademija\" \/>\n<meta property=\"og:description\" content=\"Upoznajte sve o celulitu i tehnike njegovog tretiranja na na\u0161em Ultimativnom kursu anticelulit masa\u017ee. Nau\u010dite maderoterapiju i ru\u010dne tehnike masa\u017ee.\" \/>\n<meta property=\"og:url\" content=\"https:\/\/zenakademija.com\/en\/p\/ultimativni-kurs-anticelulit-masaze-3-u-1\/\" \/>\n<meta property=\"og:site_name\" content=\"ZEN\" \/>\n<meta property=\"article:modified_time\" content=\"2026-04-17T07:53:35+00:00\" \/>\n<meta property=\"og:image\" content=\"https:\/\/zenakademija.com\/wp-content\/uploads\/2023\/06\/SlikaAnticelulitMasaza.png\" \/>\n\t<meta property=\"og:image:width\" content=\"1979\" \/>\n\t<meta property=\"og:image:height\" content=\"1632\" \/>\n\t<meta property=\"og:image:type\" content=\"image\/png\" \/>\n<meta name=\"twitter:card\" content=\"summary_large_image\" \/>\n<meta name=\"twitter:label1\" content=\"Estimated reading time\" \/>\n\t<meta name=\"twitter:data1\" content=\"2 minutes\" \/>\n<script type=\"application\/ld+json\" class=\"yoast-schema-graph\">{\"@context\":\"https:\\\/\\\/schema.org\",\"@graph\":[{\"@type\":\"WebPage\",\"@id\":\"https:\\\/\\\/zenakademija.com\\\/p\\\/ultimativni-kurs-anticelulit-masaze-3-u-1\\\/\",\"url\":\"https:\\\/\\\/zenakademija.com\\\/p\\\/ultimativni-kurs-anticelulit-masaze-3-u-1\\\/\",\"name\":\"Ultimativni kurs anticelulit masa\u017ee | Zen Akademija\",\"isPartOf\":{\"@id\":\"https:\\\/\\\/zenakademija.com\\\/#website\"},\"primaryImageOfPage\":{\"@id\":\"https:\\\/\\\/zenakademija.com\\\/p\\\/ultimativni-kurs-anticelulit-masaze-3-u-1\\\/#primaryimage\"},\"image\":{\"@id\":\"https:\\\/\\\/zenakademija.com\\\/p\\\/ultimativni-kurs-anticelulit-masaze-3-u-1\\\/#primaryimage\"},\"thumbnailUrl\":\"https:\\\/\\\/zenakademija.com\\\/wp-content\\\/uploads\\\/2023\\\/06\\\/SlikaAnticelulitMasaza.png\",\"datePublished\":\"2023-06-16T15:56:18+00:00\",\"dateModified\":\"2026-04-17T07:53:35+00:00\",\"description\":\"Upoznajte sve o celulitu i tehnike njegovog tretiranja na na\u0161em Ultimativnom kursu anticelulit masa\u017ee. Nau\u010dite maderoterapiju i ru\u010dne tehnike masa\u017ee.\",\"breadcrumb\":{\"@id\":\"https:\\\/\\\/zenakademija.com\\\/p\\\/ultimativni-kurs-anticelulit-masaze-3-u-1\\\/#breadcrumb\"},\"inLanguage\":\"en-GB\",\"potentialAction\":[{\"@type\":\"ReadAction\",\"target\":[\"https:\\\/\\\/zenakademija.com\\\/p\\\/ultimativni-kurs-anticelulit-masaze-3-u-1\\\/\"]}]},{\"@type\":\"ImageObject\",\"inLanguage\":\"en-GB\",\"@id\":\"https:\\\/\\\/zenakademija.com\\\/p\\\/ultimativni-kurs-anticelulit-masaze-3-u-1\\\/#primaryimage\",\"url\":\"https:\\\/\\\/zenakademija.com\\\/wp-content\\\/uploads\\\/2023\\\/06\\\/SlikaAnticelulitMasaza.png\",\"contentUrl\":\"https:\\\/\\\/zenakademija.com\\\/wp-content\\\/uploads\\\/2023\\\/06\\\/SlikaAnticelulitMasaza.png\",\"width\":1979,\"height\":1632},{\"@type\":\"BreadcrumbList\",\"@id\":\"https:\\\/\\\/zenakademija.com\\\/p\\\/ultimativni-kurs-anticelulit-masaze-3-u-1\\\/#breadcrumb\",\"itemListElement\":[{\"@type\":\"ListItem\",\"position\":1,\"name\":\"Home\",\"item\":\"https:\\\/\\\/zenakademija.com\\\/\"},{\"@type\":\"ListItem\",\"position\":2,\"name\":\"Proizvodi\",\"item\":\"https:\\\/\\\/zenakademija.com\\\/shop__trashed\\\/\"},{\"@type\":\"ListItem\",\"position\":3,\"name\":\"Ultimativni kurs anticelulit masa\u017ee (3 u 1)\"}]},{\"@type\":\"WebSite\",\"@id\":\"https:\\\/\\\/zenakademija.com\\\/#website\",\"url\":\"https:\\\/\\\/zenakademija.com\\\/\",\"name\":\"ZEN\",\"description\":\"\",\"potentialAction\":[{\"@type\":\"SearchAction\",\"target\":{\"@type\":\"EntryPoint\",\"urlTemplate\":\"https:\\\/\\\/zenakademija.com\\\/?s={search_term_string}\"},\"query-input\":{\"@type\":\"PropertyValueSpecification\",\"valueRequired\":true,\"valueName\":\"search_term_string\"}}],\"inLanguage\":\"en-GB\"}]}<\/script>\n<!-- \/ Yoast SEO plugin. -->","yoast_head_json":{"title":"Ultimativni kurs anticelulit masa\u017ee | Zen Akademija","description":"Upoznajte sve o celulitu i tehnike njegovog tretiranja na na\u0161em Ultimativnom kursu anticelulit masa\u017ee. Nau\u010dite maderoterapiju i ru\u010dne tehnike masa\u017ee.","robots":{"index":"index","follow":"follow","max-snippet":"max-snippet:-1","max-image-preview":"max-image-preview:large","max-video-preview":"max-video-preview:-1"},"canonical":"https:\/\/zenakademija.com\/en\/p\/ultimativni-kurs-anticelulit-masaze-3-u-1\/","og_locale":"en_GB","og_type":"article","og_title":"Ultimativni kurs anticelulit masa\u017ee | Zen Akademija","og_description":"Upoznajte sve o celulitu i tehnike njegovog tretiranja na na\u0161em Ultimativnom kursu anticelulit masa\u017ee. Nau\u010dite maderoterapiju i ru\u010dne tehnike masa\u017ee.","og_url":"https:\/\/zenakademija.com\/en\/p\/ultimativni-kurs-anticelulit-masaze-3-u-1\/","og_site_name":"ZEN","article_modified_time":"2026-04-17T07:53:35+00:00","og_image":[{"url":"https:\/\/zenakademija.com\/wp-content\/uploads\/2023\/06\/SlikaAnticelulitMasaza.png","width":1979,"height":1632,"type":"image\/png"}],"twitter_card":"summary_large_image","twitter_misc":{"Estimated reading time":"2 minutes"},"schema":{"@context":"https:\/\/schema.org","@graph":[{"@type":"WebPage","@id":"https:\/\/zenakademija.com\/p\/ultimativni-kurs-anticelulit-masaze-3-u-1\/","url":"https:\/\/zenakademija.com\/p\/ultimativni-kurs-anticelulit-masaze-3-u-1\/","name":"Ultimativni kurs anticelulit masa\u017ee | Zen Akademija","isPartOf":{"@id":"https:\/\/zenakademija.com\/#website"},"primaryImageOfPage":{"@id":"https:\/\/zenakademija.com\/p\/ultimativni-kurs-anticelulit-masaze-3-u-1\/#primaryimage"},"image":{"@id":"https:\/\/zenakademija.com\/p\/ultimativni-kurs-anticelulit-masaze-3-u-1\/#primaryimage"},"thumbnailUrl":"https:\/\/zenakademija.com\/wp-content\/uploads\/2023\/06\/SlikaAnticelulitMasaza.png","datePublished":"2023-06-16T15:56:18+00:00","dateModified":"2026-04-17T07:53:35+00:00","description":"Upoznajte sve o celulitu i tehnike njegovog tretiranja na na\u0161em Ultimativnom kursu anticelulit masa\u017ee. Nau\u010dite maderoterapiju i ru\u010dne tehnike masa\u017ee.","breadcrumb":{"@id":"https:\/\/zenakademija.com\/p\/ultimativni-kurs-anticelulit-masaze-3-u-1\/#breadcrumb"},"inLanguage":"en-GB","potentialAction":[{"@type":"ReadAction","target":["https:\/\/zenakademija.com\/p\/ultimativni-kurs-anticelulit-masaze-3-u-1\/"]}]},{"@type":"ImageObject","inLanguage":"en-GB","@id":"https:\/\/zenakademija.com\/p\/ultimativni-kurs-anticelulit-masaze-3-u-1\/#primaryimage","url":"https:\/\/zenakademija.com\/wp-content\/uploads\/2023\/06\/SlikaAnticelulitMasaza.png","contentUrl":"https:\/\/zenakademija.com\/wp-content\/uploads\/2023\/06\/SlikaAnticelulitMasaza.png","width":1979,"height":1632},{"@type":"BreadcrumbList","@id":"https:\/\/zenakademija.com\/p\/ultimativni-kurs-anticelulit-masaze-3-u-1\/#breadcrumb","itemListElement":[{"@type":"ListItem","position":1,"name":"Home","item":"https:\/\/zenakademija.com\/"},{"@type":"ListItem","position":2,"name":"Proizvodi","item":"https:\/\/zenakademija.com\/shop__trashed\/"},{"@type":"ListItem","position":3,"name":"Ultimativni kurs anticelulit masa\u017ee (3 u 1)"}]},{"@type":"WebSite","@id":"https:\/\/zenakademija.com\/#website","url":"https:\/\/zenakademija.com\/","name":"ZEN","description":"","potentialAction":[{"@type":"SearchAction","target":{"@type":"EntryPoint","urlTemplate":"https:\/\/zenakademija.com\/?s={search_term_string}"},"query-input":{"@type":"PropertyValueSpecification","valueRequired":true,"valueName":"search_term_string"}}],"inLanguage":"en-GB"}]}},"_links":{"self":[{"href":"https:\/\/zenakademija.com\/en\/wp-json\/wp\/v2\/product\/229","targetHints":{"allow":["GET"]}}],"collection":[{"href":"https:\/\/zenakademija.com\/en\/wp-json\/wp\/v2\/product"}],"about":[{"href":"https:\/\/zenakademija.com\/en\/wp-json\/wp\/v2\/types\/product"}],"replies":[{"embeddable":true,"href":"https:\/\/zenakademija.com\/en\/wp-json\/wp\/v2\/comments?post=229"}],"wp:featuredmedia":[{"embeddable":true,"href":"https:\/\/zenakademija.com\/en\/wp-json\/wp\/v2\/media\/708"}],"wp:attachment":[{"href":"https:\/\/zenakademija.com\/en\/wp-json\/wp\/v2\/media?parent=229"}],"wp:term":[{"taxonomy":"product_brand","embeddable":true,"href":"https:\/\/zenakademija.com\/en\/wp-json\/wp\/v2\/product_brand?post=229"},{"taxonomy":"product_cat","embeddable":true,"href":"https:\/\/zenakademija.com\/en\/wp-json\/wp\/v2\/product_cat?post=229"},{"taxonomy":"product_tag","embeddable":true,"href":"https:\/\/zenakademija.com\/en\/wp-json\/wp\/v2\/product_tag?post=229"}],"curies":[{"name":"wp","href":"https:\/\/api.w.org\/{rel}","templated":true}]}}