{"id":224,"date":"2023-06-16T17:49:56","date_gmt":"2023-06-16T15:49:56","guid":{"rendered":"https:\/\/zenakademija.com\/?post_type=product&#038;p=224"},"modified":"2026-04-07T12:43:03","modified_gmt":"2026-04-07T10:43:03","slug":"kurs-terapeutske-masaze","status":"publish","type":"product","link":"https:\/\/zenakademija.com\/en\/p\/kurs-terapeutske-masaze\/","title":{"rendered":"Osnovni kurs terapeutske masa\u017ee"},"content":{"rendered":"<p>The Deep Tissue Massage Course is intended for individuals who have completed the relaxation massage course or possess prior knowledge and seek further specialization in therapeutic and sports massage. As this course is geared towards those aspiring to pursue massage as a professional career, many of our top-performing students find employment opportunities after completing their education at Zen Massage Center.<\/p>\n<p>&nbsp;<\/p>\n<p>The course fee includes engaging lectures, practical sessions, learning materials, essential literature, and a certificate of completion issued by the Zen Academy. Additionally, for an extra fee, you have the option to obtain a Certificate of Course Completion from the esteemed National University of Ni\u0161.<\/p>\n<p>&nbsp;<\/p>\n<p>By enrolling in this course, you also gain a discount when you sign up for both the Relaxation and Deep Tissue Massage Courses. More details about this exclusive offer can be found in our Standard Package course.<\/p>","protected":false},"excerpt":{"rendered":"<p>Kurs terapeutske masa\u017ee je namenjen svima koji imaju ili prethodno zavr\u0161eni kurs relaksacione masa\u017ee, ili poseduju predzanje i \u017eele dalje usavr\u0161avanje ka terapeutskoj i sportskoj masa\u017ei. Tako\u0111e, kako je ovo kurs za one koji \u017eele da se bave masa\u017eom profesionalno, a mnogi od najboljih polaznika ovog kursa budu zapo\u0161ljeni nakon zavr\u0161ene edukacije u na\u0161em Centru&#8230;<\/p>","protected":false},"featured_media":225,"comment_status":"open","ping_status":"closed","template":"","meta":{"_acf_changed":false},"product_brand":[],"product_cat":[15],"product_tag":[],"class_list":{"0":"post-224","1":"product","2":"type-product","3":"status-publish","4":"has-post-thumbnail","6":"product_cat-uncategorized","8":"first","9":"instock","10":"shipping-taxable","11":"purchasable","12":"product-type-simple"},"acf":[],"yoast_head":"<!-- This site is optimized with the Yoast SEO plugin v27.4 - https:\/\/yoast.com\/product\/yoast-seo-wordpress\/ -->\n<title>Kurs terapeutske masa\u017ee | Zen Akademija | Unapredite ve\u0161tine<\/title>\n<meta name=\"description\" content=\"Nau\u010dite napredne tehnike terapeutske masa\u017ee i unapredite svoje ve\u0161tine u masa\u017ei sa na\u0161im kursom. Idealan za one sa prethodnim iskustvom.\" \/>\n<meta name=\"robots\" content=\"index, follow, max-snippet:-1, max-image-preview:large, max-video-preview:-1\" \/>\n<link rel=\"canonical\" href=\"https:\/\/zenakademija.com\/en\/p\/kurs-terapeutske-masaze\/\" \/>\n<meta property=\"og:locale\" content=\"en_GB\" \/>\n<meta property=\"og:type\" content=\"article\" \/>\n<meta property=\"og:title\" content=\"Kurs terapeutske masa\u017ee | Zen Akademija | Unapredite ve\u0161tine\" \/>\n<meta property=\"og:description\" content=\"Nau\u010dite napredne tehnike terapeutske masa\u017ee i unapredite svoje ve\u0161tine u masa\u017ei sa na\u0161im kursom. Idealan za one sa prethodnim iskustvom.\" \/>\n<meta property=\"og:url\" content=\"https:\/\/zenakademija.com\/en\/p\/kurs-terapeutske-masaze\/\" \/>\n<meta property=\"og:site_name\" content=\"ZEN\" \/>\n<meta property=\"article:modified_time\" content=\"2026-04-07T10:43:03+00:00\" \/>\n<meta property=\"og:image\" content=\"https:\/\/zenakademija.com\/wp-content\/uploads\/2023\/06\/kurs-terapeutske-masaze.webp\" \/>\n\t<meta property=\"og:image:width\" content=\"2305\" \/>\n\t<meta property=\"og:image:height\" content=\"1920\" \/>\n\t<meta property=\"og:image:type\" content=\"image\/webp\" \/>\n<meta name=\"twitter:card\" content=\"summary_large_image\" \/>\n<meta name=\"twitter:label1\" content=\"Estimated reading time\" \/>\n\t<meta name=\"twitter:data1\" content=\"1 minute\" \/>\n<script type=\"application\/ld+json\" class=\"yoast-schema-graph\">{\"@context\":\"https:\\\/\\\/schema.org\",\"@graph\":[{\"@type\":\"WebPage\",\"@id\":\"https:\\\/\\\/zenakademija.com\\\/p\\\/kurs-terapeutske-masaze\\\/\",\"url\":\"https:\\\/\\\/zenakademija.com\\\/p\\\/kurs-terapeutske-masaze\\\/\",\"name\":\"Kurs terapeutske masa\u017ee | Zen Akademija | Unapredite ve\u0161tine\",\"isPartOf\":{\"@id\":\"https:\\\/\\\/zenakademija.com\\\/#website\"},\"primaryImageOfPage\":{\"@id\":\"https:\\\/\\\/zenakademija.com\\\/p\\\/kurs-terapeutske-masaze\\\/#primaryimage\"},\"image\":{\"@id\":\"https:\\\/\\\/zenakademija.com\\\/p\\\/kurs-terapeutske-masaze\\\/#primaryimage\"},\"thumbnailUrl\":\"https:\\\/\\\/zenakademija.com\\\/wp-content\\\/uploads\\\/2023\\\/06\\\/kurs-terapeutske-masaze.webp\",\"datePublished\":\"2023-06-16T15:49:56+00:00\",\"dateModified\":\"2026-04-07T10:43:03+00:00\",\"description\":\"Nau\u010dite napredne tehnike terapeutske masa\u017ee i unapredite svoje ve\u0161tine u masa\u017ei sa na\u0161im kursom. Idealan za one sa prethodnim iskustvom.\",\"breadcrumb\":{\"@id\":\"https:\\\/\\\/zenakademija.com\\\/p\\\/kurs-terapeutske-masaze\\\/#breadcrumb\"},\"inLanguage\":\"en-GB\",\"potentialAction\":[{\"@type\":\"ReadAction\",\"target\":[\"https:\\\/\\\/zenakademija.com\\\/p\\\/kurs-terapeutske-masaze\\\/\"]}]},{\"@type\":\"ImageObject\",\"inLanguage\":\"en-GB\",\"@id\":\"https:\\\/\\\/zenakademija.com\\\/p\\\/kurs-terapeutske-masaze\\\/#primaryimage\",\"url\":\"https:\\\/\\\/zenakademija.com\\\/wp-content\\\/uploads\\\/2023\\\/06\\\/kurs-terapeutske-masaze.webp\",\"contentUrl\":\"https:\\\/\\\/zenakademija.com\\\/wp-content\\\/uploads\\\/2023\\\/06\\\/kurs-terapeutske-masaze.webp\",\"width\":2305,\"height\":1920},{\"@type\":\"BreadcrumbList\",\"@id\":\"https:\\\/\\\/zenakademija.com\\\/p\\\/kurs-terapeutske-masaze\\\/#breadcrumb\",\"itemListElement\":[{\"@type\":\"ListItem\",\"position\":1,\"name\":\"Home\",\"item\":\"https:\\\/\\\/zenakademija.com\\\/\"},{\"@type\":\"ListItem\",\"position\":2,\"name\":\"Proizvodi\",\"item\":\"https:\\\/\\\/zenakademija.com\\\/shop__trashed\\\/\"},{\"@type\":\"ListItem\",\"position\":3,\"name\":\"Osnovni kurs terapeutske masa\u017ee\"}]},{\"@type\":\"WebSite\",\"@id\":\"https:\\\/\\\/zenakademija.com\\\/#website\",\"url\":\"https:\\\/\\\/zenakademija.com\\\/\",\"name\":\"ZEN\",\"description\":\"\",\"potentialAction\":[{\"@type\":\"SearchAction\",\"target\":{\"@type\":\"EntryPoint\",\"urlTemplate\":\"https:\\\/\\\/zenakademija.com\\\/?s={search_term_string}\"},\"query-input\":{\"@type\":\"PropertyValueSpecification\",\"valueRequired\":true,\"valueName\":\"search_term_string\"}}],\"inLanguage\":\"en-GB\"}]}<\/script>\n<!-- \/ Yoast SEO plugin. -->","yoast_head_json":{"title":"Kurs terapeutske masa\u017ee | Zen Akademija | Unapredite ve\u0161tine","description":"Nau\u010dite napredne tehnike terapeutske masa\u017ee i unapredite svoje ve\u0161tine u masa\u017ei sa na\u0161im kursom. Idealan za one sa prethodnim iskustvom.","robots":{"index":"index","follow":"follow","max-snippet":"max-snippet:-1","max-image-preview":"max-image-preview:large","max-video-preview":"max-video-preview:-1"},"canonical":"https:\/\/zenakademija.com\/en\/p\/kurs-terapeutske-masaze\/","og_locale":"en_GB","og_type":"article","og_title":"Kurs terapeutske masa\u017ee | Zen Akademija | Unapredite ve\u0161tine","og_description":"Nau\u010dite napredne tehnike terapeutske masa\u017ee i unapredite svoje ve\u0161tine u masa\u017ei sa na\u0161im kursom. Idealan za one sa prethodnim iskustvom.","og_url":"https:\/\/zenakademija.com\/en\/p\/kurs-terapeutske-masaze\/","og_site_name":"ZEN","article_modified_time":"2026-04-07T10:43:03+00:00","og_image":[{"width":2305,"height":1920,"url":"https:\/\/zenakademija.com\/wp-content\/uploads\/2023\/06\/kurs-terapeutske-masaze.webp","type":"image\/webp"}],"twitter_card":"summary_large_image","twitter_misc":{"Estimated reading time":"1 minute"},"schema":{"@context":"https:\/\/schema.org","@graph":[{"@type":"WebPage","@id":"https:\/\/zenakademija.com\/p\/kurs-terapeutske-masaze\/","url":"https:\/\/zenakademija.com\/p\/kurs-terapeutske-masaze\/","name":"Kurs terapeutske masa\u017ee | Zen Akademija | Unapredite ve\u0161tine","isPartOf":{"@id":"https:\/\/zenakademija.com\/#website"},"primaryImageOfPage":{"@id":"https:\/\/zenakademija.com\/p\/kurs-terapeutske-masaze\/#primaryimage"},"image":{"@id":"https:\/\/zenakademija.com\/p\/kurs-terapeutske-masaze\/#primaryimage"},"thumbnailUrl":"https:\/\/zenakademija.com\/wp-content\/uploads\/2023\/06\/kurs-terapeutske-masaze.webp","datePublished":"2023-06-16T15:49:56+00:00","dateModified":"2026-04-07T10:43:03+00:00","description":"Nau\u010dite napredne tehnike terapeutske masa\u017ee i unapredite svoje ve\u0161tine u masa\u017ei sa na\u0161im kursom. Idealan za one sa prethodnim iskustvom.","breadcrumb":{"@id":"https:\/\/zenakademija.com\/p\/kurs-terapeutske-masaze\/#breadcrumb"},"inLanguage":"en-GB","potentialAction":[{"@type":"ReadAction","target":["https:\/\/zenakademija.com\/p\/kurs-terapeutske-masaze\/"]}]},{"@type":"ImageObject","inLanguage":"en-GB","@id":"https:\/\/zenakademija.com\/p\/kurs-terapeutske-masaze\/#primaryimage","url":"https:\/\/zenakademija.com\/wp-content\/uploads\/2023\/06\/kurs-terapeutske-masaze.webp","contentUrl":"https:\/\/zenakademija.com\/wp-content\/uploads\/2023\/06\/kurs-terapeutske-masaze.webp","width":2305,"height":1920},{"@type":"BreadcrumbList","@id":"https:\/\/zenakademija.com\/p\/kurs-terapeutske-masaze\/#breadcrumb","itemListElement":[{"@type":"ListItem","position":1,"name":"Home","item":"https:\/\/zenakademija.com\/"},{"@type":"ListItem","position":2,"name":"Proizvodi","item":"https:\/\/zenakademija.com\/shop__trashed\/"},{"@type":"ListItem","position":3,"name":"Osnovni kurs terapeutske masa\u017ee"}]},{"@type":"WebSite","@id":"https:\/\/zenakademija.com\/#website","url":"https:\/\/zenakademija.com\/","name":"ZEN","description":"","potentialAction":[{"@type":"SearchAction","target":{"@type":"EntryPoint","urlTemplate":"https:\/\/zenakademija.com\/?s={search_term_string}"},"query-input":{"@type":"PropertyValueSpecification","valueRequired":true,"valueName":"search_term_string"}}],"inLanguage":"en-GB"}]}},"_links":{"self":[{"href":"https:\/\/zenakademija.com\/en\/wp-json\/wp\/v2\/product\/224","targetHints":{"allow":["GET"]}}],"collection":[{"href":"https:\/\/zenakademija.com\/en\/wp-json\/wp\/v2\/product"}],"about":[{"href":"https:\/\/zenakademija.com\/en\/wp-json\/wp\/v2\/types\/product"}],"replies":[{"embeddable":true,"href":"https:\/\/zenakademija.com\/en\/wp-json\/wp\/v2\/comments?post=224"}],"wp:featuredmedia":[{"embeddable":true,"href":"https:\/\/zenakademija.com\/en\/wp-json\/wp\/v2\/media\/225"}],"wp:attachment":[{"href":"https:\/\/zenakademija.com\/en\/wp-json\/wp\/v2\/media?parent=224"}],"wp:term":[{"taxonomy":"product_brand","embeddable":true,"href":"https:\/\/zenakademija.com\/en\/wp-json\/wp\/v2\/product_brand?post=224"},{"taxonomy":"product_cat","embeddable":true,"href":"https:\/\/zenakademija.com\/en\/wp-json\/wp\/v2\/product_cat?post=224"},{"taxonomy":"product_tag","embeddable":true,"href":"https:\/\/zenakademija.com\/en\/wp-json\/wp\/v2\/product_tag?post=224"}],"curies":[{"name":"wp","href":"https:\/\/api.w.org\/{rel}","templated":true}]}}