{"id":21,"date":"2023-05-31T19:18:44","date_gmt":"2023-05-31T17:18:44","guid":{"rendered":"https:\/\/zenakademija.com\/?page_id=21"},"modified":"2026-01-09T14:27:47","modified_gmt":"2026-01-09T13:27:47","slug":"kontakt","status":"publish","type":"page","link":"https:\/\/zenakademija.com\/en\/kontakt\/","title":{"rendered":"Contact"},"content":{"rendered":"<section class=\"l-section wpb_row us_custom_b1798b18 height_auto\"><div class=\"l-section-h i-cf\"><div class=\"g-cols vc_row via_flex valign_top type_default stacking_default\"><div class=\"vc_col-sm-12 wpb_column vc_column_container\"><div class=\"vc_column-inner\"><div class=\"wpb_wrapper\"><div class=\"w-separator size_custom\" style=\"height:10vh\" id=\"g813\"><style>@media(max-width:1024px){ #g813{height:8vh!important}}@media(max-width:600px){ #g813{height:7vh!important}}<\/style><\/div><div class=\"g-cols wpb_row via_flex valign_middle type_default stacking_default\"><div class=\"vc_col-sm-5 wpb_column vc_column_container\"><div class=\"vc_column-inner\"><div class=\"wpb_wrapper\"><p class=\"w-text kaoh1\"><span class=\"w-text-h\"><span class=\"w-text-value\">Sign up for a course or ask a question<\/span><\/span><\/p><div class=\"w-separator size_custom\" style=\"height:3vh\"><\/div><div class=\"wpb_text_column\"><div class=\"wpb_wrapper\"><p>If you have any additional questions regarding the courses or would like to make suggestions, please do not hesitate to contact us. We will be at your service to read your e-mail and respond as soon as possible.<\/p>\n<\/div><\/div><\/div><\/div><\/div><div class=\"vc_col-sm-7 wpb_column vc_column_container\"><div class=\"vc_column-inner\"><div class=\"wpb_wrapper\"><div class=\"w-separator size_custom\" style=\"height:0vh\" id=\"j22a\"><style>@media(max-width:1024px){ #j22a{height:1vh!important}}@media(max-width:600px){ #j22a{height:3vh!important}}<\/style><\/div><div class=\"w-image align_center\"><div class=\"w-image-h\"><img decoding=\"async\" width=\"1325\" height=\"1080\" src=\"https:\/\/zenakademija.com\/wp-content\/uploads\/2023\/06\/zen-akademija-kontakt-1.webp\" class=\"attachment-full size-full\" alt=\"\" loading=\"lazy\" srcset=\"https:\/\/zenakademija.com\/wp-content\/uploads\/2023\/06\/zen-akademija-kontakt-1.webp 1325w, https:\/\/zenakademija.com\/wp-content\/uploads\/2023\/06\/zen-akademija-kontakt-1-600x489.webp 600w\" sizes=\"auto, (max-width: 1325px) 100vw, 1325px\" \/><\/div><\/div><\/div><\/div><\/div><\/div><div class=\"w-separator size_custom\" style=\"height:10vh\" id=\"p75d\"><style>@media(max-width:1024px){ #p75d{height:8vh!important}}@media(max-width:600px){ #p75d{height:7vh!important}}<\/style><\/div><\/div><\/div><\/div><\/div><\/div><\/section><section class=\"l-section wpb_row us_custom_a9be633b height_auto\" id=\"kontaktDugme\"><div class=\"l-section-h i-cf\"><div class=\"g-cols vc_row via_flex valign_top type_default stacking_default\"><div class=\"vc_col-sm-12 wpb_column vc_column_container\"><div class=\"vc_column-inner\"><div class=\"wpb_wrapper\"><div class=\"w-separator size_custom\" style=\"height:10vh\" id=\"ga8f\"><style>@media(max-width:1024px){ #ga8f{height:8vh!important}}@media(max-width:600px){ #ga8f{height:7vh!important}}<\/style><\/div><div class=\"g-cols wpb_row via_flex valign_top type_default stacking_default\"><div class=\"vc_col-sm-3 wpb_column vc_column_container\"><div class=\"vc_column-inner\"><div class=\"wpb_wrapper\"><\/div><\/div><\/div><div class=\"vc_col-sm-6 wpb_column vc_column_container\"><div class=\"vc_column-inner\"><div class=\"wpb_wrapper\"><div class=\"wpb_text_column\"><div class=\"wpb_wrapper\">\n<div class=\"wpcf7 no-js\" id=\"wpcf7-f435-o1\" lang=\"en-US\" dir=\"ltr\" data-wpcf7-id=\"435\">\n<div class=\"screen-reader-response\"><p role=\"status\" aria-live=\"polite\" aria-atomic=\"true\"><\/p> <ul><\/ul><\/div>\n<form action=\"\/en\/wp-json\/wp\/v2\/pages\/21#wpcf7-f435-o1\" method=\"post\" class=\"wpcf7-form init\" aria-label=\"Contact form\" novalidate=\"novalidate\" data-status=\"init\" data-trp-original-action=\"\/en\/wp-json\/wp\/v2\/pages\/21#wpcf7-f435-o1\">\n<fieldset class=\"hidden-fields-container\"><input type=\"hidden\" name=\"_wpcf7\" value=\"435\" \/><input type=\"hidden\" name=\"_wpcf7_version\" value=\"6.1.5\" \/><input type=\"hidden\" name=\"_wpcf7_locale\" value=\"en_US\" \/><input type=\"hidden\" name=\"_wpcf7_unit_tag\" value=\"wpcf7-f435-o1\" \/><input type=\"hidden\" name=\"_wpcf7_container_post\" value=\"0\" \/><input type=\"hidden\" name=\"_wpcf7_posted_data_hash\" value=\"\" \/>\n<\/fieldset>\n<p><label> Name and surname *<br \/>\n<span class=\"wpcf7-form-control-wrap\" data-name=\"your-name\"><input size=\"40\" maxlength=\"400\" class=\"wpcf7-form-control wpcf7-text wpcf7-validates-as-required\" aria-required=\"true\" aria-invalid=\"false\" value=\"\" type=\"text\" name=\"your-name\" \/><\/span> <\/label>\n<\/p>\n<p><label> E-mail *<br \/>\n<span class=\"wpcf7-form-control-wrap\" data-name=\"your-email\"><input size=\"40\" maxlength=\"400\" class=\"wpcf7-form-control wpcf7-email wpcf7-validates-as-required wpcf7-text wpcf7-validates-as-email\" aria-required=\"true\" aria-invalid=\"false\" value=\"\" type=\"email\" name=\"your-email\" \/><\/span> <\/label>\n<\/p>\n<p><label> Phone *<br \/>\n<span class=\"wpcf7-form-control-wrap\" data-name=\"your-phone\"><input size=\"40\" maxlength=\"400\" class=\"wpcf7-form-control wpcf7-tel wpcf7-validates-as-required wpcf7-text wpcf7-validates-as-tel\" aria-required=\"true\" aria-invalid=\"false\" value=\"\" type=\"tel\" name=\"your-phone\" \/><\/span> <\/label>\n<\/p>\n<p><label> Choose the course that interests you<br \/>\n<span class=\"wpcf7-form-control-wrap\" data-name=\"your-course\"><select class=\"wpcf7-form-control wpcf7-select wpcf7-validates-as-required\" aria-required=\"true\" aria-invalid=\"false\" name=\"your-course\"><option value=\"\">&#8212;Please choose an option&#8212;<\/option><option value=\"MASTERCLASS: KAKO DA SE TVOJ SALON MASA\u017dE IZDVOJI OD DRUGIH?\">MASTERCLASS: KAKO DA SE TVOJ SALON MASA\u017dE IZDVOJI OD DRUGIH?<\/option><option value=\"MASTERCLASS: MASA\u017dA ZA PERSONALNE TRENERE\">MASTERCLASS: MASA\u017dA ZA PERSONALNE TRENERE<\/option><option value=\"MASTERCLASS: KONCEPT MASA\u017dE OD 5 ZVEZDICA\">MASTERCLASS: KONCEPT MASA\u017dE OD 5 ZVEZDICA<\/option><option value=\"KURS RELAKSACIONE MASA\u017dE\">Relaxation Massage Course<\/option><option value=\"OSNOVNI KURS TERAPEUTSKE MASA\u017dE\">OSNOVNI KURS TERAPEUTSKE MASA\u017dE<\/option><option value=\"ULTIMATIVNI KURS ANTICELULIT MASA\u017dE (3 U 1)\">ULTIMATIVNI KURS ANTICELULIT MASA\u017dE (3 U 1)<\/option><option value=\"MASA\u017dA VULKANSKIM KAMENJEM\">MASA\u017dA VULKANSKIM KAMENJEM<\/option><option value=\"PRENATALNA MASA\u017dA (MASA\u017dA ZA TRUDNICE)\">PRENATALNA MASA\u017dA (MASA\u017dA ZA TRUDNICE)<\/option><option value=\"RELAKSACIONA I TERAPEUTSKA MASA\u017dA\">RELAKSACIONA I TERAPEUTSKA MASA\u017dA<\/option><option value=\"2 MASTERCLASSA \u2013 KONCEPT MASA\u017dE SA 5 ZVEZDICA &amp; KAKO DA SE TVOJ SALON MASA\u017dE IZDVOJI OD KONKURENCIJE\">2 MASTERCLASSA \u2013 KONCEPT MASA\u017dE SA 5 ZVEZDICA &amp; KAKO DA SE TVOJ SALON MASA\u017dE IZDVOJI OD KONKURENCIJE<\/option><\/select><\/span> <\/label>\n<\/p>\n<p><label> City<br \/>\n<span class=\"wpcf7-form-control-wrap\" data-name=\"your-city\"><select class=\"wpcf7-form-control wpcf7-select wpcf7-validates-as-required\" aria-required=\"true\" aria-invalid=\"false\" name=\"your-city\"><option value=\"\">&#8212;Please choose an option&#8212;<\/option><option value=\"NI\u0160\">NI\u0160<\/option><\/select><\/span> <\/label>\n<\/p>\n<p><label> Poruka<br \/>\n<span class=\"wpcf7-form-control-wrap\" data-name=\"your-message\"><textarea cols=\"40\" rows=\"10\" maxlength=\"2000\" class=\"wpcf7-form-control wpcf7-textarea\" aria-invalid=\"false\" name=\"your-message\"><\/textarea><\/span> <\/label>\n<\/p>\n<p><label> Promo kod (ukoliko ga ima\u0161)<br \/>\n<span class=\"wpcf7-form-control-wrap\" data-name=\"promo\"><input size=\"40\" maxlength=\"400\" class=\"wpcf7-form-control wpcf7-text\" aria-invalid=\"false\" value=\"\" type=\"text\" name=\"promo\" \/><\/span> <\/label>\n<\/p>\n<p><label> I agree to the terms of use<br \/>\n<span class=\"wpcf7-form-control-wrap\" data-name=\"terms\"><span class=\"wpcf7-form-control wpcf7-checkbox wpcf7-validates-as-required\"><span class=\"wpcf7-list-item first last\"><input type=\"checkbox\" name=\"terms[]\" value=\"Da\" \/><span class=\"wpcf7-list-item-label\">Da<\/span><\/span><\/span><\/span> <\/label>\n<\/p>\n<p><label> I want to receive notifications<br \/>\n<span class=\"wpcf7-form-control-wrap\" data-name=\"newsletter\"><span class=\"wpcf7-form-control wpcf7-checkbox\"><span class=\"wpcf7-list-item first last\"><input type=\"checkbox\" name=\"newsletter[]\" value=\"Da\" \/><span class=\"wpcf7-list-item-label\">Da<\/span><\/span><\/span><\/span> <\/label>\n<\/p>\n<p><input class=\"wpcf7-form-control wpcf7-submit has-spinner\" type=\"submit\" value=\"SEND\" \/>\n<\/p><div class=\"wpcf7-response-output\" aria-hidden=\"true\"><\/div>\n<input type=\"hidden\" name=\"trp-form-language\" value=\"en\"\/><\/form>\n<\/div>\n\n<\/div><\/div><\/div><\/div><\/div><div class=\"vc_col-sm-3 wpb_column vc_column_container\"><div class=\"vc_column-inner\"><div class=\"wpb_wrapper\"><\/div><\/div><\/div><\/div><div class=\"w-separator size_custom\" style=\"height:10vh\" id=\"mf86\"><style>@media(max-width:1024px){ #mf86{height:8vh!important}}@media(max-width:600px){ #mf86{height:7vh!important}}<\/style><\/div><\/div><\/div><\/div><\/div><\/div><\/section><section class=\"l-section wpb_row us_custom_3c9a41b4 height_auto color_footer-bottom\"><div class=\"l-section-h i-cf\"><div class=\"g-cols vc_row via_flex valign_top type_default stacking_default\"><div class=\"vc_col-sm-12 wpb_column vc_column_container\"><div class=\"vc_column-inner\"><div class=\"wpb_wrapper\"><div class=\"w-separator size_custom\" style=\"height:10vh\" id=\"q2ed\"><style>@media(max-width:1024px){ #q2ed{height:8vh!important}}@media(max-width:600px){ #q2ed{height:7vh!important}}<\/style><\/div><div class=\"g-cols wpb_row via_flex valign_middle type_default stacking_default\"><div class=\"vc_col-sm-3 wpb_column vc_column_container\"><div class=\"vc_column-inner\"><div class=\"wpb_wrapper\"><div class=\"wpb_text_column us_custom_6df4bc3a has_text_color\"><div class=\"wpb_wrapper\"><p><span style=\"color: #ffffff;\"><strong>Address:<\/strong><\/span><\/p>\n<p><span style=\"color: #ffffff;\"><a style=\"color: #ffffff;\" href=\"https:\/\/goo.gl\/maps\/63A698zK74Agsy4n8\" target=\"_blank\" rel=\"noopener\">Bulevar dr Zorana \u0110in\u0111i\u0107a 38, 18000 Ni\u0161<\/a><\/span><\/p>\n<p>&nbsp;<\/p>\n<p><span style=\"color: #ffffff;\"><strong>Phone:<\/strong><\/span><\/p>\n<p><span style=\"color: #ffffff;\"><a style=\"color: #ffffff;\" href=\"tel:+381 600488256\">+381 (0) 60 04 88 256<\/a><\/span><\/p>\n<p>&nbsp;<\/p>\n<p><span style=\"color: #ffffff;\"><strong>E-mail:<\/strong><\/span><\/p>\n<p><span style=\"color: #ffffff;\"><a style=\"color: #ffffff;\" href=\"mailto:info@zenakademija.com\">info@zenakademija.com<\/a><\/span><\/p>\n<\/div><\/div><\/div><\/div><\/div><div class=\"vc_col-sm-9 wpb_column vc_column_container\"><div class=\"vc_column-inner\"><div class=\"wpb_wrapper\"><div class=\"w-separator size_custom\" style=\"height:0vh\" id=\"r8a2\"><style>@media(max-width:1024px){ #r8a2{height:1vh!important}}@media(max-width:600px){ #r8a2{height:3vh!important}}<\/style><\/div><div class=\"wpb_text_column\"><div class=\"wpb_wrapper\"><p><iframe loading=\"lazy\" style=\"border: 0;\" src=\"https:\/\/www.google.com\/maps\/embed?pb=!1m14!1m8!1m3!1d5805.574871592084!2d21.908864!3d43.318709!3m2!1i1024!2i768!4f13.1!3m3!1m2!1s0x4755b0becadc7ff1%3A0x6721b5a19dda9695!2zQnVsZXZhciBEciBab3JhbmEgxJBpbsSRacSHYSAzOCwgTmnFoQ!5e0!3m2!1sen!2srs!4v1757414536262!5m2!1sen!2srs\" width=\"1000\" height=\"400\" allowfullscreen=\"allowfullscreen\"><\/iframe><\/p>\n<\/div><\/div><\/div><\/div><\/div><\/div><div class=\"w-separator size_custom\" style=\"height:10vh\" id=\"sad5\"><style>@media(max-width:1024px){ #sad5{height:8vh!important}}@media(max-width:600px){ #sad5{height:7vh!important}}<\/style><\/div><\/div><\/div><\/div><\/div><\/div><\/section>","protected":false},"excerpt":{"rendered":"Prijavite se na kurs ili postavite pitanje!Ukoliko imate bilo kakvih dodatnih pitanja u vezi sa kursevima ili \u017eelite da nam uputite sugestije, ne ustru\u010davajte se da nas kontaktirate. Rado \u0107emo pro\u010ditati va\u0161 e-mail i odgovoriti u najkra\u0107em mogu\u0107em roku. Ime i prezime * E-po\u0161ta * Kontakt telefon * Odaberi kurs koji te zanima &#8212;Please choose...","protected":false},"author":1,"featured_media":292,"parent":0,"menu_order":0,"comment_status":"closed","ping_status":"closed","template":"","meta":{"_acf_changed":false,"footnotes":""},"class_list":["post-21","page","type-page","status-publish","has-post-thumbnail","hentry"],"acf":[],"yoast_head":"<!-- This site is optimized with the Yoast SEO plugin v27.5 - https:\/\/yoast.com\/product\/yoast-seo-wordpress\/ -->\n<title>Zen akademija kontakt | Prijavite se na kurs<\/title>\n<meta name=\"description\" content=\"Spremni ste da unapredite svoju karijeru? Prijavite se na na\u0161 kurs ili postavite pitanje. Na\u0161i kursevi su prilago\u0111eni da vam omogu\u0107e uspeh u spa industriji.\" \/>\n<meta name=\"robots\" content=\"index, follow, max-snippet:-1, max-image-preview:large, max-video-preview:-1\" \/>\n<link rel=\"canonical\" href=\"https:\/\/zenakademija.com\/en\/kontakt\/\" \/>\n<meta property=\"og:locale\" content=\"en_GB\" \/>\n<meta property=\"og:type\" content=\"article\" \/>\n<meta property=\"og:title\" content=\"Zen akademija kontakt | Prijavite se na kurs\" \/>\n<meta property=\"og:description\" content=\"Spremni ste da unapredite svoju karijeru? Prijavite se na na\u0161 kurs ili postavite pitanje. Na\u0161i kursevi su prilago\u0111eni da vam omogu\u0107e uspeh u spa industriji.\" \/>\n<meta property=\"og:url\" content=\"https:\/\/zenakademija.com\/en\/kontakt\/\" \/>\n<meta property=\"og:site_name\" content=\"ZEN\" \/>\n<meta property=\"article:modified_time\" content=\"2026-01-09T13:27:47+00:00\" \/>\n<meta property=\"og:image\" content=\"https:\/\/zenakademija.com\/wp-content\/uploads\/2023\/06\/zen-akademija-kontakt-1.webp\" \/>\n\t<meta property=\"og:image:width\" content=\"1325\" \/>\n\t<meta property=\"og:image:height\" content=\"1080\" \/>\n\t<meta property=\"og:image:type\" content=\"image\/webp\" \/>\n<meta name=\"twitter:card\" content=\"summary_large_image\" \/>\n<meta name=\"twitter:label1\" content=\"Estimated reading time\" \/>\n\t<meta name=\"twitter:data1\" content=\"1 minute\" \/>\n<script type=\"application\/ld+json\" class=\"yoast-schema-graph\">{\"@context\":\"https:\\\/\\\/schema.org\",\"@graph\":[{\"@type\":\"WebPage\",\"@id\":\"https:\\\/\\\/zenakademija.com\\\/kontakt\\\/\",\"url\":\"https:\\\/\\\/zenakademija.com\\\/kontakt\\\/\",\"name\":\"Zen akademija kontakt | Prijavite se na kurs\",\"isPartOf\":{\"@id\":\"https:\\\/\\\/zenakademija.com\\\/#website\"},\"primaryImageOfPage\":{\"@id\":\"https:\\\/\\\/zenakademija.com\\\/kontakt\\\/#primaryimage\"},\"image\":{\"@id\":\"https:\\\/\\\/zenakademija.com\\\/kontakt\\\/#primaryimage\"},\"thumbnailUrl\":\"https:\\\/\\\/zenakademija.com\\\/wp-content\\\/uploads\\\/2023\\\/06\\\/zen-akademija-kontakt-1.webp\",\"datePublished\":\"2023-05-31T17:18:44+00:00\",\"dateModified\":\"2026-01-09T13:27:47+00:00\",\"description\":\"Spremni ste da unapredite svoju karijeru? Prijavite se na na\u0161 kurs ili postavite pitanje. Na\u0161i kursevi su prilago\u0111eni da vam omogu\u0107e uspeh u spa industriji.\",\"breadcrumb\":{\"@id\":\"https:\\\/\\\/zenakademija.com\\\/kontakt\\\/#breadcrumb\"},\"inLanguage\":\"en-GB\",\"potentialAction\":[{\"@type\":\"ReadAction\",\"target\":[\"https:\\\/\\\/zenakademija.com\\\/kontakt\\\/\"]}]},{\"@type\":\"ImageObject\",\"inLanguage\":\"en-GB\",\"@id\":\"https:\\\/\\\/zenakademija.com\\\/kontakt\\\/#primaryimage\",\"url\":\"https:\\\/\\\/zenakademija.com\\\/wp-content\\\/uploads\\\/2023\\\/06\\\/zen-akademija-kontakt-1.webp\",\"contentUrl\":\"https:\\\/\\\/zenakademija.com\\\/wp-content\\\/uploads\\\/2023\\\/06\\\/zen-akademija-kontakt-1.webp\",\"width\":1325,\"height\":1080},{\"@type\":\"BreadcrumbList\",\"@id\":\"https:\\\/\\\/zenakademija.com\\\/kontakt\\\/#breadcrumb\",\"itemListElement\":[{\"@type\":\"ListItem\",\"position\":1,\"name\":\"Home\",\"item\":\"https:\\\/\\\/zenakademija.com\\\/\"},{\"@type\":\"ListItem\",\"position\":2,\"name\":\"Kontakt\"}]},{\"@type\":\"WebSite\",\"@id\":\"https:\\\/\\\/zenakademija.com\\\/#website\",\"url\":\"https:\\\/\\\/zenakademija.com\\\/\",\"name\":\"ZEN\",\"description\":\"\",\"potentialAction\":[{\"@type\":\"SearchAction\",\"target\":{\"@type\":\"EntryPoint\",\"urlTemplate\":\"https:\\\/\\\/zenakademija.com\\\/?s={search_term_string}\"},\"query-input\":{\"@type\":\"PropertyValueSpecification\",\"valueRequired\":true,\"valueName\":\"search_term_string\"}}],\"inLanguage\":\"en-GB\"}]}<\/script>\n<!-- \/ Yoast SEO plugin. -->","yoast_head_json":{"title":"Zen akademija kontakt | Prijavite se na kurs","description":"Spremni ste da unapredite svoju karijeru? Prijavite se na na\u0161 kurs ili postavite pitanje. Na\u0161i kursevi su prilago\u0111eni da vam omogu\u0107e uspeh u spa industriji.","robots":{"index":"index","follow":"follow","max-snippet":"max-snippet:-1","max-image-preview":"max-image-preview:large","max-video-preview":"max-video-preview:-1"},"canonical":"https:\/\/zenakademija.com\/en\/kontakt\/","og_locale":"en_GB","og_type":"article","og_title":"Zen akademija kontakt | Prijavite se na kurs","og_description":"Spremni ste da unapredite svoju karijeru? Prijavite se na na\u0161 kurs ili postavite pitanje. Na\u0161i kursevi su prilago\u0111eni da vam omogu\u0107e uspeh u spa industriji.","og_url":"https:\/\/zenakademija.com\/en\/kontakt\/","og_site_name":"ZEN","article_modified_time":"2026-01-09T13:27:47+00:00","og_image":[{"width":1325,"height":1080,"url":"https:\/\/zenakademija.com\/wp-content\/uploads\/2023\/06\/zen-akademija-kontakt-1.webp","type":"image\/webp"}],"twitter_card":"summary_large_image","twitter_misc":{"Estimated reading time":"1 minute"},"schema":{"@context":"https:\/\/schema.org","@graph":[{"@type":"WebPage","@id":"https:\/\/zenakademija.com\/kontakt\/","url":"https:\/\/zenakademija.com\/kontakt\/","name":"Zen akademija kontakt | Prijavite se na kurs","isPartOf":{"@id":"https:\/\/zenakademija.com\/#website"},"primaryImageOfPage":{"@id":"https:\/\/zenakademija.com\/kontakt\/#primaryimage"},"image":{"@id":"https:\/\/zenakademija.com\/kontakt\/#primaryimage"},"thumbnailUrl":"https:\/\/zenakademija.com\/wp-content\/uploads\/2023\/06\/zen-akademija-kontakt-1.webp","datePublished":"2023-05-31T17:18:44+00:00","dateModified":"2026-01-09T13:27:47+00:00","description":"Spremni ste da unapredite svoju karijeru? Prijavite se na na\u0161 kurs ili postavite pitanje. Na\u0161i kursevi su prilago\u0111eni da vam omogu\u0107e uspeh u spa industriji.","breadcrumb":{"@id":"https:\/\/zenakademija.com\/kontakt\/#breadcrumb"},"inLanguage":"en-GB","potentialAction":[{"@type":"ReadAction","target":["https:\/\/zenakademija.com\/kontakt\/"]}]},{"@type":"ImageObject","inLanguage":"en-GB","@id":"https:\/\/zenakademija.com\/kontakt\/#primaryimage","url":"https:\/\/zenakademija.com\/wp-content\/uploads\/2023\/06\/zen-akademija-kontakt-1.webp","contentUrl":"https:\/\/zenakademija.com\/wp-content\/uploads\/2023\/06\/zen-akademija-kontakt-1.webp","width":1325,"height":1080},{"@type":"BreadcrumbList","@id":"https:\/\/zenakademija.com\/kontakt\/#breadcrumb","itemListElement":[{"@type":"ListItem","position":1,"name":"Home","item":"https:\/\/zenakademija.com\/"},{"@type":"ListItem","position":2,"name":"Kontakt"}]},{"@type":"WebSite","@id":"https:\/\/zenakademija.com\/#website","url":"https:\/\/zenakademija.com\/","name":"ZEN","description":"","potentialAction":[{"@type":"SearchAction","target":{"@type":"EntryPoint","urlTemplate":"https:\/\/zenakademija.com\/?s={search_term_string}"},"query-input":{"@type":"PropertyValueSpecification","valueRequired":true,"valueName":"search_term_string"}}],"inLanguage":"en-GB"}]}},"_links":{"self":[{"href":"https:\/\/zenakademija.com\/en\/wp-json\/wp\/v2\/pages\/21","targetHints":{"allow":["GET"]}}],"collection":[{"href":"https:\/\/zenakademija.com\/en\/wp-json\/wp\/v2\/pages"}],"about":[{"href":"https:\/\/zenakademija.com\/en\/wp-json\/wp\/v2\/types\/page"}],"author":[{"embeddable":true,"href":"https:\/\/zenakademija.com\/en\/wp-json\/wp\/v2\/users\/1"}],"replies":[{"embeddable":true,"href":"https:\/\/zenakademija.com\/en\/wp-json\/wp\/v2\/comments?post=21"}],"version-history":[{"count":29,"href":"https:\/\/zenakademija.com\/en\/wp-json\/wp\/v2\/pages\/21\/revisions"}],"predecessor-version":[{"id":728,"href":"https:\/\/zenakademija.com\/en\/wp-json\/wp\/v2\/pages\/21\/revisions\/728"}],"wp:featuredmedia":[{"embeddable":true,"href":"https:\/\/zenakademija.com\/en\/wp-json\/wp\/v2\/media\/292"}],"wp:attachment":[{"href":"https:\/\/zenakademija.com\/en\/wp-json\/wp\/v2\/media?parent=21"}],"curies":[{"name":"wp","href":"https:\/\/api.w.org\/{rel}","templated":true}]}}